{"id":2621,"date":"2022-02-02T15:21:37","date_gmt":"2022-02-02T18:21:37","guid":{"rendered":"http:\/\/federassantas.provisorio.ws\/?page_id=2621"},"modified":"2025-01-28T12:44:34","modified_gmt":"2025-01-28T15:44:34","slug":"2a-via-de-boletos-de-mensalidades","status":"publish","type":"page","link":"https:\/\/www.federassantas.org.br\/novosite\/2a-via-de-boletos-de-mensalidades\/","title":{"rendered":"2\u00aa via de boletos de mensalidades"},"content":{"rendered":"\t\t<div data-elementor-type=\"wp-page\" data-elementor-id=\"2621\" class=\"elementor elementor-2621\" data-elementor-post-type=\"page\">\n\t\t\t\t\t\t<section class=\"elementor-section elementor-top-section elementor-element elementor-element-4bebce2f elementor-section-height-min-height elementor-section-boxed elementor-section-height-default elementor-section-items-middle\" data-id=\"4bebce2f\" data-element_type=\"section\" data-e-type=\"section\" data-settings=\"{&quot;background_background&quot;:&quot;classic&quot;}\">\n\t\t\t\t\t\t\t<div class=\"elementor-background-overlay\"><\/div>\n\t\t\t\t\t\t\t<div class=\"elementor-container elementor-column-gap-default\">\n\t\t\t\t\t<div class=\"elementor-column elementor-col-100 elementor-top-column elementor-element elementor-element-12c85798\" data-id=\"12c85798\" data-element_type=\"column\" data-e-type=\"column\">\n\t\t\t<div class=\"elementor-widget-wrap elementor-element-populated\">\n\t\t\t\t\t\t<div class=\"elementor-element elementor-element-1fe75e22 elementor-align-left elementor-mobile-align-center elementor-widget elementor-widget-breadcrumbs\" data-id=\"1fe75e22\" data-element_type=\"widget\" data-e-type=\"widget\" data-widget_type=\"breadcrumbs.default\">\n\t\t\t\t<div class=\"elementor-widget-container\">\n\t\t\t\t\t<p id=\"breadcrumbs\"><span><span><a href=\"https:\/\/www.federassantas.org.br\/novosite\/\">In\u00edcio<\/a><\/span><\/span><\/p>\t\t\t\t<\/div>\n\t\t\t\t<\/div>\n\t\t\t\t\t<\/div>\n\t\t<\/div>\n\t\t\t\t\t<\/div>\n\t\t<\/section>\n\t\t\t\t<section class=\"elementor-section elementor-top-section elementor-element elementor-element-1441bad0 elementor-section-full_width elementor-section-height-default elementor-section-height-default\" data-id=\"1441bad0\" data-element_type=\"section\" data-e-type=\"section\">\n\t\t\t\t\t\t<div class=\"elementor-container elementor-column-gap-no\">\n\t\t\t\t\t<div class=\"elementor-column elementor-col-100 elementor-top-column elementor-element elementor-element-26cbbc3d\" data-id=\"26cbbc3d\" data-element_type=\"column\" data-e-type=\"column\">\n\t\t\t<div class=\"elementor-widget-wrap elementor-element-populated\">\n\t\t\t\t\t\t<div class=\"elementor-element elementor-element-38a6be2c elementor-widget elementor-widget-html\" data-id=\"38a6be2c\" data-element_type=\"widget\" data-e-type=\"widget\" data-widget_type=\"html.default\">\n\t\t\t\t<div class=\"elementor-widget-container\">\n\t\t\t\t\t<svg class=\"two\" fill=\"url(#grad1)\" xmlns=\"http:\/\/www.w3.org\/2000\/svg\" viewBox=\"0 0 1000 100\" preserveAspectRatio=\"none\">\r\n    \r\n    \r\n    \r\n    <defs>\r\n    <linearGradient id=\"grad1\" x1=\"0%\" y1=\"0%\" x2=\"100%\" y2=\"0%\">\r\n      <stop offset=\"0%\" style=\"stop-color:#4bc2ac;stop-opacity:1\" \/>\r\n      <stop offset=\"100%\" style=\"stop-color:#59aee0;stop-opacity:1\" \/>\r\n    <\/linearGradient>\r\n  <\/defs>\r\n    \r\n    \r\n\t<path  class=\"elementor-shape-fill\" d=\"M500,97C126.7,96.3,0.8,19.8,0,0v100l1000,0V1C1000,19.4,873.3,97.8,500,97z\"><\/path>\r\n<\/svg>\r\n\r\n\r\n<style>\r\n    svg.two {\r\n        width: 100%;\r\n        height: 49px;\r\n    }\r\n<\/style>\t\t\t\t<\/div>\n\t\t\t\t<\/div>\n\t\t\t\t\t<\/div>\n\t\t<\/div>\n\t\t\t\t\t<\/div>\n\t\t<\/section>\n\t\t\t\t<section class=\"elementor-section elementor-top-section elementor-element elementor-element-7d0b3c4b elementor-section-full_width elementor-section-height-default elementor-section-height-default\" data-id=\"7d0b3c4b\" data-element_type=\"section\" data-e-type=\"section\" data-settings=\"{&quot;background_background&quot;:&quot;classic&quot;}\">\n\t\t\t\t\t\t<div class=\"elementor-container elementor-column-gap-no\">\n\t\t\t\t\t<div class=\"elementor-column elementor-col-100 elementor-top-column elementor-element elementor-element-2b0387de\" data-id=\"2b0387de\" data-element_type=\"column\" data-e-type=\"column\">\n\t\t\t<div class=\"elementor-widget-wrap elementor-element-populated\">\n\t\t\t\t\t\t<div class=\"elementor-element elementor-element-ecd5ae4 elementor-widget elementor-widget-html\" data-id=\"ecd5ae4\" data-element_type=\"widget\" data-e-type=\"widget\" data-widget_type=\"html.default\">\n\t\t\t\t<div class=\"elementor-widget-container\">\n\t\t\t\t\t<svg class=\"one\" fill=\"url(#grad1)\" xmlns=\"http:\/\/www.w3.org\/2000\/svg\" viewBox=\"0 0 1000 100\" preserveAspectRatio=\"none\">\r\n    \r\n    \r\n    <defs>\r\n    <linearGradient id=\"grad1\" x1=\"0%\" y1=\"0%\" x2=\"100%\" y2=\"0%\">\r\n      <stop offset=\"0%\" style=\"stop-color:#4bc2ac;stop-opacity:1\" \/>\r\n      <stop offset=\"100%\" style=\"stop-color:#59aee0;stop-opacity:1\" \/>\r\n    <\/linearGradient>\r\n  <\/defs>\r\n    \r\n    \r\n\t<path class=\"elementor-shape-fill\" d=\"M421.9,6.5c22.6-2.5,51.5,0.4,75.5,5.3c23.6,4.9,70.9,23.5,100.5,35.7c75.8,32.2,133.7,44.5,192.6,49.7\r\n\tc23.6,2.1,48.7,3.5,103.4-2.5c54.7-6,106.2-25.6,106.2-25.6V0H0v30.3c0,0,72,32.6,158.4,30.5c39.2-0.7,92.8-6.7,134-22.4\r\n\tc21.2-8.1,52.2-18.2,79.7-24.2C399.3,7.9,411.6,7.5,421.9,6.5z\"><\/path>\r\n<\/svg>\r\n\r\n\r\n\r\n\r\n<style>\r\nsvg.one {\r\nheight: 20px;\r\nwidth: 100%;\r\n}\r\n<\/style>\t\t\t\t<\/div>\n\t\t\t\t<\/div>\n\t\t\t\t\t<\/div>\n\t\t<\/div>\n\t\t\t\t\t<\/div>\n\t\t<\/section>\n\t\t\t\t<section class=\"elementor-section elementor-top-section elementor-element elementor-element-631521ac elementor-section-height-min-height elementor-section-boxed elementor-section-height-default elementor-section-items-middle\" data-id=\"631521ac\" data-element_type=\"section\" data-e-type=\"section\">\n\t\t\t\t\t\t<div class=\"elementor-container elementor-column-gap-wide\">\n\t\t\t\t\t<div class=\"elementor-column elementor-col-100 elementor-top-column elementor-element elementor-element-305e7586\" data-id=\"305e7586\" data-element_type=\"column\" data-e-type=\"column\">\n\t\t\t<div class=\"elementor-widget-wrap elementor-element-populated\">\n\t\t\t\t\t\t<section class=\"elementor-section elementor-inner-section elementor-element elementor-element-7d055c5b elementor-section-boxed elementor-section-height-default elementor-section-height-default\" data-id=\"7d055c5b\" data-element_type=\"section\" data-e-type=\"section\">\n\t\t\t\t\t\t<div class=\"elementor-container elementor-column-gap-default\">\n\t\t\t\t\t<div class=\"elementor-column elementor-col-50 elementor-inner-column elementor-element elementor-element-77fb5ba1\" data-id=\"77fb5ba1\" data-element_type=\"column\" data-e-type=\"column\">\n\t\t\t<div class=\"elementor-widget-wrap elementor-element-populated\">\n\t\t\t\t\t\t<div class=\"elementor-element elementor-element-bafe5ce elementor-widget elementor-widget-heading\" data-id=\"bafe5ce\" data-element_type=\"widget\" data-e-type=\"widget\" data-widget_type=\"heading.default\">\n\t\t\t\t<div class=\"elementor-widget-container\">\n\t\t\t\t\t<h2 class=\"elementor-heading-title elementor-size-default\">Hospitais filantr\u00f3picos<\/h2>\t\t\t\t<\/div>\n\t\t\t\t<\/div>\n\t\t\t\t<div class=\"elementor-element elementor-element-23b8e19 elementor-widget elementor-widget-text-editor\" data-id=\"23b8e19\" data-element_type=\"widget\" data-e-type=\"widget\" data-widget_type=\"text-editor.default\">\n\t\t\t\t<div class=\"elementor-widget-container\">\n\t\t\t\t\t\t\t\t\t<p>Estar em dia com as mensalidades \u00e9 fundamental para que a Federassantas possa desenvolver as atividades que prop\u00f5e para representar e servir aos seus filiados. \u00c9 com os recursos vindos das mensalidades que a Federa\u00e7\u00e3o tem condi\u00e7\u00f5es de elaborar planos e colocar em pr\u00e1tica seus projetos. A melhoria da presta\u00e7\u00e3o dos servi\u00e7os depende, portanto, da sua colabora\u00e7\u00e3o!<br \/>Em caso de d\u00favidas, entre em contato com o setor financeiro por telefone ou e-mail:<br \/>(31) 3241-4312 \/ <a href=\"mailto:financeiro2@federassantas.org.br\">financeiro2@federassantas.org.br<\/a><\/p>\t\t\t\t\t\t\t\t<\/div>\n\t\t\t\t<\/div>\n\t\t\t\t\t<\/div>\n\t\t<\/div>\n\t\t\t\t<div class=\"elementor-column elementor-col-50 elementor-inner-column elementor-element elementor-element-7cec914\" data-id=\"7cec914\" data-element_type=\"column\" data-e-type=\"column\">\n\t\t\t<div class=\"elementor-widget-wrap elementor-element-populated\">\n\t\t\t\t\t\t<div class=\"elementor-element elementor-element-802b2b3 elementor-widget elementor-widget-heading\" data-id=\"802b2b3\" data-element_type=\"widget\" data-e-type=\"widget\" data-widget_type=\"heading.default\">\n\t\t\t\t<div class=\"elementor-widget-container\">\n\t\t\t\t\t<h2 class=\"elementor-heading-title elementor-size-default\">Informe o CNPJ da institui\u00e7\u00e3o no campo abaixo para visualizar e imprimir o boleto.<\/h2>\t\t\t\t<\/div>\n\t\t\t\t<\/div>\n\t\t\t\t<div class=\"elementor-element elementor-element-6dcdb3c elementor-widget elementor-widget-text-editor\" data-id=\"6dcdb3c\" data-element_type=\"widget\" data-e-type=\"widget\" data-widget_type=\"text-editor.default\">\n\t\t\t\t<div class=\"elementor-widget-container\">\n\t\t\t\t\t\t\t\t\t<p><span style=\"font-size: 14.4px; color: var( --e-global-color-text );\">Ap\u00f3s selecionar o boleto, ir\u00e1 abrir outra p\u00e1gina contendo no canto superior o bot\u00e3o \u201cGERAR BOLETO EM PDF\u201d, destacado em amarelo. Clique no bot\u00e3o para salvar em PDF ou imprimir.<\/span>\u00a0<\/p><p><strong><span style=\"color: #022238;\">Prezado filiado, informamos que o sistema disponibiliza apenas boletos com vencimento de at\u00e9 60 dias. Para consultar boletos vencidos h\u00e1 mais tempo e solicitar a 2\u00aa via, entre em contato exclusivamente pelo e-mail: <\/span><\/strong><a href=\"mailto:financeiro2@federassantas.org.br\">financeiro2@federassantas.org.br<\/a><\/p>\t\t\t\t\t\t\t\t<\/div>\n\t\t\t\t<\/div>\n\t\t\t\t<div class=\"elementor-element elementor-element-755f39d elementor-widget elementor-widget-html\" data-id=\"755f39d\" data-element_type=\"widget\" data-e-type=\"widget\" data-widget_type=\"html.default\">\n\t\t\t\t<div class=\"elementor-widget-container\">\n\t\t\t\t\t<iframe src=\"https:\/\/www.federassantas.org.br\/novosite\/wp-content\/themes\/hello-theme-child-master\/itaucripto\/\"  frameborder=\"0\"><\/iframe>\t\t\t\t<\/div>\n\t\t\t\t<\/div>\n\t\t\t\t<div class=\"elementor-element elementor-element-09fa069 elementor-widget elementor-widget-text-editor\" data-id=\"09fa069\" data-element_type=\"widget\" data-e-type=\"widget\" data-widget_type=\"text-editor.default\">\n\t\t\t\t<div class=\"elementor-widget-container\">\n\t\t\t\t\t\t\t\t\t<p>Prezado filiado, a solicita\u00e7\u00e3o da 2\u00aa via de boletos vencidos h\u00e1 mais de 60 dias deve ser feita exclusivamente pelo e-mail <a href=\"mailto:financeiro2@federassantas.org.br\">financeiro2@federassantas.org.br<\/a>.<\/p>\t\t\t\t\t\t\t\t<\/div>\n\t\t\t\t<\/div>\n\t\t\t\t\t<\/div>\n\t\t<\/div>\n\t\t\t\t\t<\/div>\n\t\t<\/section>\n\t\t\t\t\t<\/div>\n\t\t<\/div>\n\t\t\t\t\t<\/div>\n\t\t<\/section>\n\t\t\t\t<\/div>\n\t\t","protected":false},"excerpt":{"rendered":"<p>Hospitais filantr\u00f3picos Estar em dia com as mensalidades \u00e9 fundamental para que a Federassantas possa desenvolver as atividades que prop\u00f5e para representar e servir aos seus filiados. \u00c9 com os recursos vindos das mensalidades que a Federa\u00e7\u00e3o tem condi\u00e7\u00f5es de elaborar planos e colocar em pr\u00e1tica seus projetos. A melhoria da presta\u00e7\u00e3o dos servi\u00e7os depende, [&hellip;]<\/p>\n","protected":false},"author":1,"featured_media":24842,"parent":0,"menu_order":0,"comment_status":"closed","ping_status":"closed","template":"","meta":{"footnotes":""},"class_list":["post-2621","page","type-page","status-publish","has-post-thumbnail","hentry"],"yoast_head":"<!-- This site is optimized with the Yoast SEO plugin v26.9 - https:\/\/yoast.com\/product\/yoast-seo-wordpress\/ -->\n<title>2\u00aa via de boletos de mensalidades - Federassantas<\/title>\n<meta name=\"robots\" content=\"index, follow, max-snippet:-1, max-image-preview:large, max-video-preview:-1\" \/>\n<link rel=\"canonical\" href=\"https:\/\/www.federassantas.org.br\/novosite\/2a-via-de-boletos-de-mensalidades\/\" \/>\n<meta property=\"og:locale\" content=\"pt_BR\" \/>\n<meta property=\"og:type\" content=\"article\" \/>\n<meta property=\"og:title\" content=\"2\u00aa via de boletos de mensalidades - Federassantas\" \/>\n<meta property=\"og:description\" content=\"Hospitais filantr\u00f3picos Estar em dia com as mensalidades \u00e9 fundamental para que a Federassantas possa desenvolver as atividades que prop\u00f5e para representar e servir aos seus filiados. \u00c9 com os recursos vindos das mensalidades que a Federa\u00e7\u00e3o tem condi\u00e7\u00f5es de elaborar planos e colocar em pr\u00e1tica seus projetos. A melhoria da presta\u00e7\u00e3o dos servi\u00e7os depende, [&hellip;]\" \/>\n<meta property=\"og:url\" content=\"https:\/\/www.federassantas.org.br\/novosite\/2a-via-de-boletos-de-mensalidades\/\" \/>\n<meta property=\"og:site_name\" content=\"Federassantas\" \/>\n<meta property=\"article:modified_time\" content=\"2025-01-28T15:44:34+00:00\" \/>\n<meta name=\"twitter:card\" content=\"summary_large_image\" \/>\n<meta name=\"twitter:label1\" content=\"Est. tempo de leitura\" \/>\n\t<meta name=\"twitter:data1\" content=\"2 minutos\" \/>\n<script type=\"application\/ld+json\" class=\"yoast-schema-graph\">{\"@context\":\"https:\/\/schema.org\",\"@graph\":[{\"@type\":\"WebPage\",\"@id\":\"https:\/\/www.federassantas.org.br\/novosite\/2a-via-de-boletos-de-mensalidades\/\",\"url\":\"https:\/\/www.federassantas.org.br\/novosite\/2a-via-de-boletos-de-mensalidades\/\",\"name\":\"2\u00aa via de boletos de mensalidades - Federassantas\",\"isPartOf\":{\"@id\":\"https:\/\/www.federassantas.org.br\/novosite\/#website\"},\"primaryImageOfPage\":{\"@id\":\"https:\/\/www.federassantas.org.br\/novosite\/2a-via-de-boletos-de-mensalidades\/#primaryimage\"},\"image\":{\"@id\":\"https:\/\/www.federassantas.org.br\/novosite\/2a-via-de-boletos-de-mensalidades\/#primaryimage\"},\"thumbnailUrl\":\"\",\"datePublished\":\"2022-02-02T18:21:37+00:00\",\"dateModified\":\"2025-01-28T15:44:34+00:00\",\"breadcrumb\":{\"@id\":\"https:\/\/www.federassantas.org.br\/novosite\/2a-via-de-boletos-de-mensalidades\/#breadcrumb\"},\"inLanguage\":\"pt-BR\",\"potentialAction\":[{\"@type\":\"ReadAction\",\"target\":[\"https:\/\/www.federassantas.org.br\/novosite\/2a-via-de-boletos-de-mensalidades\/\"]}]},{\"@type\":\"ImageObject\",\"inLanguage\":\"pt-BR\",\"@id\":\"https:\/\/www.federassantas.org.br\/novosite\/2a-via-de-boletos-de-mensalidades\/#primaryimage\",\"url\":\"\",\"contentUrl\":\"\"},{\"@type\":\"BreadcrumbList\",\"@id\":\"https:\/\/www.federassantas.org.br\/novosite\/2a-via-de-boletos-de-mensalidades\/#breadcrumb\",\"itemListElement\":[{\"@type\":\"ListItem\",\"position\":1,\"name\":\"In\u00edcio\",\"item\":\"https:\/\/www.federassantas.org.br\/novosite\/\"},{\"@type\":\"ListItem\",\"position\":2,\"name\":\"2\u00aa via de boletos de mensalidades\"}]},{\"@type\":\"WebSite\",\"@id\":\"https:\/\/www.federassantas.org.br\/novosite\/#website\",\"url\":\"https:\/\/www.federassantas.org.br\/novosite\/\",\"name\":\"Federassantas\",\"description\":\"Fed. das Santas Casas e Hospitais Filantr\u00f3picos de MG\",\"publisher\":{\"@id\":\"https:\/\/www.federassantas.org.br\/novosite\/#organization\"},\"potentialAction\":[{\"@type\":\"SearchAction\",\"target\":{\"@type\":\"EntryPoint\",\"urlTemplate\":\"https:\/\/www.federassantas.org.br\/novosite\/?s={search_term_string}\"},\"query-input\":{\"@type\":\"PropertyValueSpecification\",\"valueRequired\":true,\"valueName\":\"search_term_string\"}}],\"inLanguage\":\"pt-BR\"},{\"@type\":\"Organization\",\"@id\":\"https:\/\/www.federassantas.org.br\/novosite\/#organization\",\"name\":\"Federassantas\",\"url\":\"https:\/\/www.federassantas.org.br\/novosite\/\",\"logo\":{\"@type\":\"ImageObject\",\"inLanguage\":\"pt-BR\",\"@id\":\"https:\/\/www.federassantas.org.br\/novosite\/#\/schema\/logo\/image\/\",\"url\":\"https:\/\/www.federassantas.org.br\/novosite\/wp-content\/uploads\/2021\/12\/logo.png\",\"contentUrl\":\"https:\/\/www.federassantas.org.br\/novosite\/wp-content\/uploads\/2021\/12\/logo.png\",\"width\":243,\"height\":59,\"caption\":\"Federassantas\"},\"image\":{\"@id\":\"https:\/\/www.federassantas.org.br\/novosite\/#\/schema\/logo\/image\/\"}}]}<\/script>\n<!-- \/ Yoast SEO plugin. -->","yoast_head_json":{"title":"2\u00aa via de boletos de mensalidades - Federassantas","robots":{"index":"index","follow":"follow","max-snippet":"max-snippet:-1","max-image-preview":"max-image-preview:large","max-video-preview":"max-video-preview:-1"},"canonical":"https:\/\/www.federassantas.org.br\/novosite\/2a-via-de-boletos-de-mensalidades\/","og_locale":"pt_BR","og_type":"article","og_title":"2\u00aa via de boletos de mensalidades - Federassantas","og_description":"Hospitais filantr\u00f3picos Estar em dia com as mensalidades \u00e9 fundamental para que a Federassantas possa desenvolver as atividades que prop\u00f5e para representar e servir aos seus filiados. \u00c9 com os recursos vindos das mensalidades que a Federa\u00e7\u00e3o tem condi\u00e7\u00f5es de elaborar planos e colocar em pr\u00e1tica seus projetos. A melhoria da presta\u00e7\u00e3o dos servi\u00e7os depende, [&hellip;]","og_url":"https:\/\/www.federassantas.org.br\/novosite\/2a-via-de-boletos-de-mensalidades\/","og_site_name":"Federassantas","article_modified_time":"2025-01-28T15:44:34+00:00","twitter_card":"summary_large_image","twitter_misc":{"Est. tempo de leitura":"2 minutos"},"schema":{"@context":"https:\/\/schema.org","@graph":[{"@type":"WebPage","@id":"https:\/\/www.federassantas.org.br\/novosite\/2a-via-de-boletos-de-mensalidades\/","url":"https:\/\/www.federassantas.org.br\/novosite\/2a-via-de-boletos-de-mensalidades\/","name":"2\u00aa via de boletos de mensalidades - Federassantas","isPartOf":{"@id":"https:\/\/www.federassantas.org.br\/novosite\/#website"},"primaryImageOfPage":{"@id":"https:\/\/www.federassantas.org.br\/novosite\/2a-via-de-boletos-de-mensalidades\/#primaryimage"},"image":{"@id":"https:\/\/www.federassantas.org.br\/novosite\/2a-via-de-boletos-de-mensalidades\/#primaryimage"},"thumbnailUrl":"","datePublished":"2022-02-02T18:21:37+00:00","dateModified":"2025-01-28T15:44:34+00:00","breadcrumb":{"@id":"https:\/\/www.federassantas.org.br\/novosite\/2a-via-de-boletos-de-mensalidades\/#breadcrumb"},"inLanguage":"pt-BR","potentialAction":[{"@type":"ReadAction","target":["https:\/\/www.federassantas.org.br\/novosite\/2a-via-de-boletos-de-mensalidades\/"]}]},{"@type":"ImageObject","inLanguage":"pt-BR","@id":"https:\/\/www.federassantas.org.br\/novosite\/2a-via-de-boletos-de-mensalidades\/#primaryimage","url":"","contentUrl":""},{"@type":"BreadcrumbList","@id":"https:\/\/www.federassantas.org.br\/novosite\/2a-via-de-boletos-de-mensalidades\/#breadcrumb","itemListElement":[{"@type":"ListItem","position":1,"name":"In\u00edcio","item":"https:\/\/www.federassantas.org.br\/novosite\/"},{"@type":"ListItem","position":2,"name":"2\u00aa via de boletos de mensalidades"}]},{"@type":"WebSite","@id":"https:\/\/www.federassantas.org.br\/novosite\/#website","url":"https:\/\/www.federassantas.org.br\/novosite\/","name":"Federassantas","description":"Fed. das Santas Casas e Hospitais Filantr\u00f3picos de MG","publisher":{"@id":"https:\/\/www.federassantas.org.br\/novosite\/#organization"},"potentialAction":[{"@type":"SearchAction","target":{"@type":"EntryPoint","urlTemplate":"https:\/\/www.federassantas.org.br\/novosite\/?s={search_term_string}"},"query-input":{"@type":"PropertyValueSpecification","valueRequired":true,"valueName":"search_term_string"}}],"inLanguage":"pt-BR"},{"@type":"Organization","@id":"https:\/\/www.federassantas.org.br\/novosite\/#organization","name":"Federassantas","url":"https:\/\/www.federassantas.org.br\/novosite\/","logo":{"@type":"ImageObject","inLanguage":"pt-BR","@id":"https:\/\/www.federassantas.org.br\/novosite\/#\/schema\/logo\/image\/","url":"https:\/\/www.federassantas.org.br\/novosite\/wp-content\/uploads\/2021\/12\/logo.png","contentUrl":"https:\/\/www.federassantas.org.br\/novosite\/wp-content\/uploads\/2021\/12\/logo.png","width":243,"height":59,"caption":"Federassantas"},"image":{"@id":"https:\/\/www.federassantas.org.br\/novosite\/#\/schema\/logo\/image\/"}}]}},"_links":{"self":[{"href":"https:\/\/www.federassantas.org.br\/novosite\/wp-json\/wp\/v2\/pages\/2621","targetHints":{"allow":["GET"]}}],"collection":[{"href":"https:\/\/www.federassantas.org.br\/novosite\/wp-json\/wp\/v2\/pages"}],"about":[{"href":"https:\/\/www.federassantas.org.br\/novosite\/wp-json\/wp\/v2\/types\/page"}],"author":[{"embeddable":true,"href":"https:\/\/www.federassantas.org.br\/novosite\/wp-json\/wp\/v2\/users\/1"}],"replies":[{"embeddable":true,"href":"https:\/\/www.federassantas.org.br\/novosite\/wp-json\/wp\/v2\/comments?post=2621"}],"version-history":[{"count":64,"href":"https:\/\/www.federassantas.org.br\/novosite\/wp-json\/wp\/v2\/pages\/2621\/revisions"}],"predecessor-version":[{"id":36064,"href":"https:\/\/www.federassantas.org.br\/novosite\/wp-json\/wp\/v2\/pages\/2621\/revisions\/36064"}],"wp:featuredmedia":[{"embeddable":true,"href":"https:\/\/www.federassantas.org.br\/novosite\/wp-json\/"}],"wp:attachment":[{"href":"https:\/\/www.federassantas.org.br\/novosite\/wp-json\/wp\/v2\/media?parent=2621"}],"curies":[{"name":"wp","href":"https:\/\/api.w.org\/{rel}","templated":true}]}}