{"id":32097,"date":"2024-03-13T17:35:37","date_gmt":"2024-03-13T20:35:37","guid":{"rendered":"https:\/\/www.federassantas.org.br\/novosite\/?page_id=32097"},"modified":"2024-03-14T12:56:24","modified_gmt":"2024-03-14T15:56:24","slug":"technecare-2","status":"publish","type":"page","link":"https:\/\/www.federassantas.org.br\/novosite\/technecare-2\/","title":{"rendered":"TECHNECAR\u00c9"},"content":{"rendered":"\t\t<div data-elementor-type=\"wp-page\" data-elementor-id=\"32097\" class=\"elementor elementor-32097\" data-elementor-post-type=\"page\">\n\t\t\t\t\t\t<section class=\"elementor-section elementor-top-section elementor-element elementor-element-46db74d elementor-section-boxed elementor-section-height-default elementor-section-height-default\" data-id=\"46db74d\" data-element_type=\"section\" data-e-type=\"section\">\n\t\t\t\t\t\t<div class=\"elementor-container elementor-column-gap-default\">\n\t\t\t\t\t<div class=\"elementor-column elementor-col-100 elementor-top-column elementor-element elementor-element-680f301\" data-id=\"680f301\" data-element_type=\"column\" data-e-type=\"column\">\n\t\t\t<div class=\"elementor-widget-wrap elementor-element-populated\">\n\t\t\t\t\t\t<div class=\"elementor-element elementor-element-b5d9ef1 elementor-widget elementor-widget-heading\" data-id=\"b5d9ef1\" data-element_type=\"widget\" data-e-type=\"widget\" data-widget_type=\"heading.default\">\n\t\t\t\t<div class=\"elementor-widget-container\">\n\t\t\t\t\t<h2 class=\"elementor-heading-title elementor-size-default\">Empresa Parceira<\/h2>\t\t\t\t<\/div>\n\t\t\t\t<\/div>\n\t\t\t\t\t<\/div>\n\t\t<\/div>\n\t\t\t\t\t<\/div>\n\t\t<\/section>\n\t\t\t\t<section class=\"elementor-section elementor-top-section elementor-element elementor-element-bf65aa0 elementor-section-boxed elementor-section-height-default elementor-section-height-default\" data-id=\"bf65aa0\" data-element_type=\"section\" data-e-type=\"section\">\n\t\t\t\t\t\t<div class=\"elementor-container elementor-column-gap-default\">\n\t\t\t\t\t<div class=\"elementor-column elementor-col-100 elementor-top-column elementor-element elementor-element-a373ae0\" data-id=\"a373ae0\" data-element_type=\"column\" data-e-type=\"column\" data-settings=\"{&quot;background_background&quot;:&quot;classic&quot;}\">\n\t\t\t<div class=\"elementor-widget-wrap elementor-element-populated\">\n\t\t\t\t\t<div class=\"elementor-background-overlay\"><\/div>\n\t\t\t\t\t\t<div class=\"elementor-element elementor-element-8d59146 elementor-widget elementor-widget-heading\" data-id=\"8d59146\" data-element_type=\"widget\" data-e-type=\"widget\" data-widget_type=\"heading.default\">\n\t\t\t\t<div class=\"elementor-widget-container\">\n\t\t\t\t\t<h2 class=\"elementor-heading-title elementor-size-default\">T\u00c9CHNECARE \u00c9 EMPRESA PARCEIRA DA FEDERASSANTAS<\/h2>\t\t\t\t<\/div>\n\t\t\t\t<\/div>\n\t\t\t\t<section class=\"elementor-section elementor-inner-section elementor-element elementor-element-abfceb0 elementor-section-boxed elementor-section-height-default elementor-section-height-default\" data-id=\"abfceb0\" data-element_type=\"section\" data-e-type=\"section\">\n\t\t\t\t\t\t<div class=\"elementor-container elementor-column-gap-default\">\n\t\t\t\t\t<div class=\"elementor-column elementor-col-50 elementor-inner-column elementor-element elementor-element-31bee42\" data-id=\"31bee42\" data-element_type=\"column\" data-e-type=\"column\">\n\t\t\t<div class=\"elementor-widget-wrap elementor-element-populated\">\n\t\t\t\t\t\t<div class=\"elementor-element elementor-element-f5dc92d elementor-widget elementor-widget-image\" data-id=\"f5dc92d\" data-element_type=\"widget\" data-e-type=\"widget\" data-widget_type=\"image.default\">\n\t\t\t\t<div class=\"elementor-widget-container\">\n\t\t\t\t\t\t\t\t\t\t\t\t\t\t\t<img fetchpriority=\"high\" decoding=\"async\" width=\"800\" height=\"800\" src=\"https:\/\/www.federassantas.org.br\/novosite\/wp-content\/uploads\/2024\/03\/Design-sem-nome-1-1024x1024.jpg\" class=\"attachment-large size-large wp-image-32100\" alt=\"\" srcset=\"https:\/\/www.federassantas.org.br\/novosite\/wp-content\/uploads\/2024\/03\/Design-sem-nome-1-1024x1024.jpg 1024w, https:\/\/www.federassantas.org.br\/novosite\/wp-content\/uploads\/2024\/03\/Design-sem-nome-1-300x300.jpg 300w, https:\/\/www.federassantas.org.br\/novosite\/wp-content\/uploads\/2024\/03\/Design-sem-nome-1-150x150.jpg 150w, https:\/\/www.federassantas.org.br\/novosite\/wp-content\/uploads\/2024\/03\/Design-sem-nome-1-768x768.jpg 768w, https:\/\/www.federassantas.org.br\/novosite\/wp-content\/uploads\/2024\/03\/Design-sem-nome-1.jpg 1080w\" sizes=\"(max-width: 800px) 100vw, 800px\" \/>\t\t\t\t\t\t\t\t\t\t\t\t\t\t\t<\/div>\n\t\t\t\t<\/div>\n\t\t\t\t\t<\/div>\n\t\t<\/div>\n\t\t\t\t<div class=\"elementor-column elementor-col-50 elementor-inner-column elementor-element elementor-element-4d7a211\" data-id=\"4d7a211\" data-element_type=\"column\" data-e-type=\"column\">\n\t\t\t<div class=\"elementor-widget-wrap elementor-element-populated\">\n\t\t\t\t\t\t<div class=\"elementor-element elementor-element-57d0add elementor-widget elementor-widget-text-editor\" data-id=\"57d0add\" data-element_type=\"widget\" data-e-type=\"widget\" data-widget_type=\"text-editor.default\">\n\t\t\t\t<div class=\"elementor-widget-container\">\n\t\t\t\t\t\t\t\t\t<p data-aos=\"fade-up\">A&nbsp;<b>T\u00c9CHNECARE<\/b>&nbsp;\u00e9 Empresa parceira da Federassantas&nbsp;desde 2021. Especializada na presta\u00e7\u00e3o de servi\u00e7os t\u00e9cnicos em engenharia cl\u00ednica e hospitalar, arquitetura, constru\u00e7\u00e3o, gest\u00e3o, gases medicinais, efici\u00eancia energ\u00e9tica e desenvolvimento tecnol\u00f3gico, a empresa possui abrang\u00eancia internacional.&nbsp;<\/p>\n<p data-aos=\"fade-up\">A empresa tem sede \u00e9 Nova Lima e especializada em servi\u00e7os t\u00e9cnicos para estabelecimentos de sa\u00fade e ind\u00fastrias no Brasil, Am\u00e9rica Latina, Am\u00e9rica Central e \u00c1sia.&nbsp;<\/p>\n<p data-aos=\"fade-up\">Contrate a T\u00c9CHNECARE: <a href=\"http:\/\/www.technecare.com\">www.technecare.com<\/a><\/p>\t\t\t\t\t\t\t\t<\/div>\n\t\t\t\t<\/div>\n\t\t\t\t\t<\/div>\n\t\t<\/div>\n\t\t\t\t\t<\/div>\n\t\t<\/section>\n\t\t\t\t\t<\/div>\n\t\t<\/div>\n\t\t\t\t\t<\/div>\n\t\t<\/section>\n\t\t\t\t<\/div>\n\t\t","protected":false},"excerpt":{"rendered":"<p>Empresa Parceira T\u00c9CHNECARE \u00c9 EMPRESA PARCEIRA DA FEDERASSANTAS A&nbsp;T\u00c9CHNECARE&nbsp;\u00e9 Empresa parceira da Federassantas&nbsp;desde 2021. Especializada na presta\u00e7\u00e3o de servi\u00e7os t\u00e9cnicos em engenharia cl\u00ednica e hospitalar, arquitetura, constru\u00e7\u00e3o, gest\u00e3o, gases medicinais, efici\u00eancia energ\u00e9tica e desenvolvimento tecnol\u00f3gico, a empresa possui abrang\u00eancia internacional.&nbsp; A empresa tem sede \u00e9 Nova Lima e especializada em servi\u00e7os t\u00e9cnicos para estabelecimentos de [&hellip;]<\/p>\n","protected":false},"author":1,"featured_media":24842,"parent":0,"menu_order":0,"comment_status":"closed","ping_status":"closed","template":"","meta":{"footnotes":""},"class_list":["post-32097","page","type-page","status-publish","has-post-thumbnail","hentry"],"yoast_head":"<!-- This site is optimized with the Yoast SEO plugin v26.9 - https:\/\/yoast.com\/product\/yoast-seo-wordpress\/ -->\n<title>TECHNECAR\u00c9 - Federassantas<\/title>\n<meta name=\"robots\" content=\"index, follow, max-snippet:-1, max-image-preview:large, max-video-preview:-1\" \/>\n<link rel=\"canonical\" href=\"https:\/\/www.federassantas.org.br\/novosite\/technecare-2\/\" \/>\n<meta property=\"og:locale\" content=\"pt_BR\" \/>\n<meta property=\"og:type\" content=\"article\" \/>\n<meta property=\"og:title\" content=\"TECHNECAR\u00c9 - Federassantas\" \/>\n<meta property=\"og:description\" content=\"Empresa Parceira T\u00c9CHNECARE \u00c9 EMPRESA PARCEIRA DA FEDERASSANTAS A&nbsp;T\u00c9CHNECARE&nbsp;\u00e9 Empresa parceira da Federassantas&nbsp;desde 2021. Especializada na presta\u00e7\u00e3o de servi\u00e7os t\u00e9cnicos em engenharia cl\u00ednica e hospitalar, arquitetura, constru\u00e7\u00e3o, gest\u00e3o, gases medicinais, efici\u00eancia energ\u00e9tica e desenvolvimento tecnol\u00f3gico, a empresa possui abrang\u00eancia internacional.&nbsp; A empresa tem sede \u00e9 Nova Lima e especializada em servi\u00e7os t\u00e9cnicos para estabelecimentos de [&hellip;]\" \/>\n<meta property=\"og:url\" content=\"https:\/\/www.federassantas.org.br\/novosite\/technecare-2\/\" \/>\n<meta property=\"og:site_name\" content=\"Federassantas\" \/>\n<meta property=\"article:modified_time\" content=\"2024-03-14T15:56:24+00:00\" \/>\n<meta name=\"twitter:card\" content=\"summary_large_image\" \/>\n<script type=\"application\/ld+json\" class=\"yoast-schema-graph\">{\"@context\":\"https:\/\/schema.org\",\"@graph\":[{\"@type\":\"WebPage\",\"@id\":\"https:\/\/www.federassantas.org.br\/novosite\/technecare-2\/\",\"url\":\"https:\/\/www.federassantas.org.br\/novosite\/technecare-2\/\",\"name\":\"TECHNECAR\u00c9 - Federassantas\",\"isPartOf\":{\"@id\":\"https:\/\/www.federassantas.org.br\/novosite\/#website\"},\"primaryImageOfPage\":{\"@id\":\"https:\/\/www.federassantas.org.br\/novosite\/technecare-2\/#primaryimage\"},\"image\":{\"@id\":\"https:\/\/www.federassantas.org.br\/novosite\/technecare-2\/#primaryimage\"},\"thumbnailUrl\":\"\",\"datePublished\":\"2024-03-13T20:35:37+00:00\",\"dateModified\":\"2024-03-14T15:56:24+00:00\",\"breadcrumb\":{\"@id\":\"https:\/\/www.federassantas.org.br\/novosite\/technecare-2\/#breadcrumb\"},\"inLanguage\":\"pt-BR\",\"potentialAction\":[{\"@type\":\"ReadAction\",\"target\":[\"https:\/\/www.federassantas.org.br\/novosite\/technecare-2\/\"]}]},{\"@type\":\"ImageObject\",\"inLanguage\":\"pt-BR\",\"@id\":\"https:\/\/www.federassantas.org.br\/novosite\/technecare-2\/#primaryimage\",\"url\":\"\",\"contentUrl\":\"\"},{\"@type\":\"BreadcrumbList\",\"@id\":\"https:\/\/www.federassantas.org.br\/novosite\/technecare-2\/#breadcrumb\",\"itemListElement\":[{\"@type\":\"ListItem\",\"position\":1,\"name\":\"In\u00edcio\",\"item\":\"https:\/\/www.federassantas.org.br\/novosite\/\"},{\"@type\":\"ListItem\",\"position\":2,\"name\":\"TECHNECAR\u00c9\"}]},{\"@type\":\"WebSite\",\"@id\":\"https:\/\/www.federassantas.org.br\/novosite\/#website\",\"url\":\"https:\/\/www.federassantas.org.br\/novosite\/\",\"name\":\"Federassantas\",\"description\":\"Fed. das Santas Casas e Hospitais Filantr\u00f3picos de MG\",\"publisher\":{\"@id\":\"https:\/\/www.federassantas.org.br\/novosite\/#organization\"},\"potentialAction\":[{\"@type\":\"SearchAction\",\"target\":{\"@type\":\"EntryPoint\",\"urlTemplate\":\"https:\/\/www.federassantas.org.br\/novosite\/?s={search_term_string}\"},\"query-input\":{\"@type\":\"PropertyValueSpecification\",\"valueRequired\":true,\"valueName\":\"search_term_string\"}}],\"inLanguage\":\"pt-BR\"},{\"@type\":\"Organization\",\"@id\":\"https:\/\/www.federassantas.org.br\/novosite\/#organization\",\"name\":\"Federassantas\",\"url\":\"https:\/\/www.federassantas.org.br\/novosite\/\",\"logo\":{\"@type\":\"ImageObject\",\"inLanguage\":\"pt-BR\",\"@id\":\"https:\/\/www.federassantas.org.br\/novosite\/#\/schema\/logo\/image\/\",\"url\":\"https:\/\/www.federassantas.org.br\/novosite\/wp-content\/uploads\/2021\/12\/logo.png\",\"contentUrl\":\"https:\/\/www.federassantas.org.br\/novosite\/wp-content\/uploads\/2021\/12\/logo.png\",\"width\":243,\"height\":59,\"caption\":\"Federassantas\"},\"image\":{\"@id\":\"https:\/\/www.federassantas.org.br\/novosite\/#\/schema\/logo\/image\/\"}}]}<\/script>\n<!-- \/ Yoast SEO plugin. -->","yoast_head_json":{"title":"TECHNECAR\u00c9 - Federassantas","robots":{"index":"index","follow":"follow","max-snippet":"max-snippet:-1","max-image-preview":"max-image-preview:large","max-video-preview":"max-video-preview:-1"},"canonical":"https:\/\/www.federassantas.org.br\/novosite\/technecare-2\/","og_locale":"pt_BR","og_type":"article","og_title":"TECHNECAR\u00c9 - Federassantas","og_description":"Empresa Parceira T\u00c9CHNECARE \u00c9 EMPRESA PARCEIRA DA FEDERASSANTAS A&nbsp;T\u00c9CHNECARE&nbsp;\u00e9 Empresa parceira da Federassantas&nbsp;desde 2021. Especializada na presta\u00e7\u00e3o de servi\u00e7os t\u00e9cnicos em engenharia cl\u00ednica e hospitalar, arquitetura, constru\u00e7\u00e3o, gest\u00e3o, gases medicinais, efici\u00eancia energ\u00e9tica e desenvolvimento tecnol\u00f3gico, a empresa possui abrang\u00eancia internacional.&nbsp; A empresa tem sede \u00e9 Nova Lima e especializada em servi\u00e7os t\u00e9cnicos para estabelecimentos de [&hellip;]","og_url":"https:\/\/www.federassantas.org.br\/novosite\/technecare-2\/","og_site_name":"Federassantas","article_modified_time":"2024-03-14T15:56:24+00:00","twitter_card":"summary_large_image","schema":{"@context":"https:\/\/schema.org","@graph":[{"@type":"WebPage","@id":"https:\/\/www.federassantas.org.br\/novosite\/technecare-2\/","url":"https:\/\/www.federassantas.org.br\/novosite\/technecare-2\/","name":"TECHNECAR\u00c9 - Federassantas","isPartOf":{"@id":"https:\/\/www.federassantas.org.br\/novosite\/#website"},"primaryImageOfPage":{"@id":"https:\/\/www.federassantas.org.br\/novosite\/technecare-2\/#primaryimage"},"image":{"@id":"https:\/\/www.federassantas.org.br\/novosite\/technecare-2\/#primaryimage"},"thumbnailUrl":"","datePublished":"2024-03-13T20:35:37+00:00","dateModified":"2024-03-14T15:56:24+00:00","breadcrumb":{"@id":"https:\/\/www.federassantas.org.br\/novosite\/technecare-2\/#breadcrumb"},"inLanguage":"pt-BR","potentialAction":[{"@type":"ReadAction","target":["https:\/\/www.federassantas.org.br\/novosite\/technecare-2\/"]}]},{"@type":"ImageObject","inLanguage":"pt-BR","@id":"https:\/\/www.federassantas.org.br\/novosite\/technecare-2\/#primaryimage","url":"","contentUrl":""},{"@type":"BreadcrumbList","@id":"https:\/\/www.federassantas.org.br\/novosite\/technecare-2\/#breadcrumb","itemListElement":[{"@type":"ListItem","position":1,"name":"In\u00edcio","item":"https:\/\/www.federassantas.org.br\/novosite\/"},{"@type":"ListItem","position":2,"name":"TECHNECAR\u00c9"}]},{"@type":"WebSite","@id":"https:\/\/www.federassantas.org.br\/novosite\/#website","url":"https:\/\/www.federassantas.org.br\/novosite\/","name":"Federassantas","description":"Fed. das Santas Casas e Hospitais Filantr\u00f3picos de MG","publisher":{"@id":"https:\/\/www.federassantas.org.br\/novosite\/#organization"},"potentialAction":[{"@type":"SearchAction","target":{"@type":"EntryPoint","urlTemplate":"https:\/\/www.federassantas.org.br\/novosite\/?s={search_term_string}"},"query-input":{"@type":"PropertyValueSpecification","valueRequired":true,"valueName":"search_term_string"}}],"inLanguage":"pt-BR"},{"@type":"Organization","@id":"https:\/\/www.federassantas.org.br\/novosite\/#organization","name":"Federassantas","url":"https:\/\/www.federassantas.org.br\/novosite\/","logo":{"@type":"ImageObject","inLanguage":"pt-BR","@id":"https:\/\/www.federassantas.org.br\/novosite\/#\/schema\/logo\/image\/","url":"https:\/\/www.federassantas.org.br\/novosite\/wp-content\/uploads\/2021\/12\/logo.png","contentUrl":"https:\/\/www.federassantas.org.br\/novosite\/wp-content\/uploads\/2021\/12\/logo.png","width":243,"height":59,"caption":"Federassantas"},"image":{"@id":"https:\/\/www.federassantas.org.br\/novosite\/#\/schema\/logo\/image\/"}}]}},"_links":{"self":[{"href":"https:\/\/www.federassantas.org.br\/novosite\/wp-json\/wp\/v2\/pages\/32097","targetHints":{"allow":["GET"]}}],"collection":[{"href":"https:\/\/www.federassantas.org.br\/novosite\/wp-json\/wp\/v2\/pages"}],"about":[{"href":"https:\/\/www.federassantas.org.br\/novosite\/wp-json\/wp\/v2\/types\/page"}],"author":[{"embeddable":true,"href":"https:\/\/www.federassantas.org.br\/novosite\/wp-json\/wp\/v2\/users\/1"}],"replies":[{"embeddable":true,"href":"https:\/\/www.federassantas.org.br\/novosite\/wp-json\/wp\/v2\/comments?post=32097"}],"version-history":[{"count":8,"href":"https:\/\/www.federassantas.org.br\/novosite\/wp-json\/wp\/v2\/pages\/32097\/revisions"}],"predecessor-version":[{"id":32206,"href":"https:\/\/www.federassantas.org.br\/novosite\/wp-json\/wp\/v2\/pages\/32097\/revisions\/32206"}],"wp:featuredmedia":[{"embeddable":true,"href":"https:\/\/www.federassantas.org.br\/novosite\/wp-json\/"}],"wp:attachment":[{"href":"https:\/\/www.federassantas.org.br\/novosite\/wp-json\/wp\/v2\/media?parent=32097"}],"curies":[{"name":"wp","href":"https:\/\/api.w.org\/{rel}","templated":true}]}}