{"id":32157,"date":"2024-03-13T18:16:27","date_gmt":"2024-03-13T21:16:27","guid":{"rendered":"https:\/\/www.federassantas.org.br\/novosite\/?page_id=32157"},"modified":"2024-03-14T15:56:32","modified_gmt":"2024-03-14T18:56:32","slug":"pluxee","status":"publish","type":"page","link":"https:\/\/www.federassantas.org.br\/novosite\/pluxee\/","title":{"rendered":"PLUXEE"},"content":{"rendered":"\t\t<div data-elementor-type=\"wp-page\" data-elementor-id=\"32157\" class=\"elementor elementor-32157\" data-elementor-post-type=\"page\">\n\t\t\t\t\t\t<section class=\"elementor-section elementor-top-section elementor-element elementor-element-462fbca elementor-section-boxed elementor-section-height-default elementor-section-height-default\" data-id=\"462fbca\" data-element_type=\"section\" data-e-type=\"section\">\n\t\t\t\t\t\t<div class=\"elementor-container elementor-column-gap-default\">\n\t\t\t\t\t<div class=\"elementor-column elementor-col-100 elementor-top-column elementor-element elementor-element-81fb501\" data-id=\"81fb501\" data-element_type=\"column\" data-e-type=\"column\">\n\t\t\t<div class=\"elementor-widget-wrap elementor-element-populated\">\n\t\t\t\t\t\t<div class=\"elementor-element elementor-element-ec62a3b elementor-widget elementor-widget-heading\" data-id=\"ec62a3b\" data-element_type=\"widget\" data-e-type=\"widget\" data-widget_type=\"heading.default\">\n\t\t\t\t<div class=\"elementor-widget-container\">\n\t\t\t\t\t<h2 class=\"elementor-heading-title elementor-size-default\"><br>Empresa Parceira<\/h2>\t\t\t\t<\/div>\n\t\t\t\t<\/div>\n\t\t\t\t\t<\/div>\n\t\t<\/div>\n\t\t\t\t\t<\/div>\n\t\t<\/section>\n\t\t\t\t<section class=\"elementor-section elementor-top-section elementor-element elementor-element-18a0a50 elementor-section-boxed elementor-section-height-default elementor-section-height-default\" data-id=\"18a0a50\" data-element_type=\"section\" data-e-type=\"section\">\n\t\t\t\t\t\t<div class=\"elementor-container elementor-column-gap-default\">\n\t\t\t\t\t<div class=\"elementor-column elementor-col-100 elementor-top-column elementor-element elementor-element-255bde6\" data-id=\"255bde6\" data-element_type=\"column\" data-e-type=\"column\" data-settings=\"{&quot;background_background&quot;:&quot;classic&quot;}\">\n\t\t\t<div class=\"elementor-widget-wrap elementor-element-populated\">\n\t\t\t\t\t<div class=\"elementor-background-overlay\"><\/div>\n\t\t\t\t\t\t<div class=\"elementor-element elementor-element-03256e5 elementor-widget elementor-widget-heading\" data-id=\"03256e5\" data-element_type=\"widget\" data-e-type=\"widget\" data-widget_type=\"heading.default\">\n\t\t\t\t<div class=\"elementor-widget-container\">\n\t\t\t\t\t<h2 class=\"elementor-heading-title elementor-size-default\">PLUXEE \u00c9 EMPRESA PARCEIRA DA FEDERASSANTAS!<\/h2>\t\t\t\t<\/div>\n\t\t\t\t<\/div>\n\t\t\t\t<section class=\"elementor-section elementor-inner-section elementor-element elementor-element-81fa594 elementor-section-boxed elementor-section-height-default elementor-section-height-default\" data-id=\"81fa594\" data-element_type=\"section\" data-e-type=\"section\">\n\t\t\t\t\t\t<div class=\"elementor-container elementor-column-gap-default\">\n\t\t\t\t\t<div class=\"elementor-column elementor-col-50 elementor-inner-column elementor-element elementor-element-28c4b55\" data-id=\"28c4b55\" data-element_type=\"column\" data-e-type=\"column\">\n\t\t\t<div class=\"elementor-widget-wrap elementor-element-populated\">\n\t\t\t\t\t\t<div class=\"elementor-element elementor-element-d41eb4f elementor-widget elementor-widget-image\" data-id=\"d41eb4f\" data-element_type=\"widget\" data-e-type=\"widget\" data-widget_type=\"image.default\">\n\t\t\t\t<div class=\"elementor-widget-container\">\n\t\t\t\t\t\t\t\t\t\t\t\t\t\t\t<img fetchpriority=\"high\" decoding=\"async\" width=\"800\" height=\"800\" src=\"https:\/\/www.federassantas.org.br\/novosite\/wp-content\/uploads\/2024\/03\/empresas-parceiras-site-2-1024x1024.jpg\" class=\"attachment-large size-large wp-image-32159\" alt=\"\" srcset=\"https:\/\/www.federassantas.org.br\/novosite\/wp-content\/uploads\/2024\/03\/empresas-parceiras-site-2-1024x1024.jpg 1024w, https:\/\/www.federassantas.org.br\/novosite\/wp-content\/uploads\/2024\/03\/empresas-parceiras-site-2-300x300.jpg 300w, https:\/\/www.federassantas.org.br\/novosite\/wp-content\/uploads\/2024\/03\/empresas-parceiras-site-2-150x150.jpg 150w, https:\/\/www.federassantas.org.br\/novosite\/wp-content\/uploads\/2024\/03\/empresas-parceiras-site-2-768x768.jpg 768w, https:\/\/www.federassantas.org.br\/novosite\/wp-content\/uploads\/2024\/03\/empresas-parceiras-site-2.jpg 1080w\" sizes=\"(max-width: 800px) 100vw, 800px\" \/>\t\t\t\t\t\t\t\t\t\t\t\t\t\t\t<\/div>\n\t\t\t\t<\/div>\n\t\t\t\t\t<\/div>\n\t\t<\/div>\n\t\t\t\t<div class=\"elementor-column elementor-col-50 elementor-inner-column elementor-element elementor-element-3d4d9b8\" data-id=\"3d4d9b8\" data-element_type=\"column\" data-e-type=\"column\">\n\t\t\t<div class=\"elementor-widget-wrap elementor-element-populated\">\n\t\t\t\t\t\t<div class=\"elementor-element elementor-element-4c3bb74 elementor-widget elementor-widget-text-editor\" data-id=\"4c3bb74\" data-element_type=\"widget\" data-e-type=\"widget\" data-widget_type=\"text-editor.default\">\n\t\t\t\t<div class=\"elementor-widget-container\">\n\t\t\t\t\t\t\t\t\t<p data-aos=\"fade-up\">A&nbsp;<b>PLUXEE<\/b> \u00e9 Empresa Parceira da Federassantas&nbsp;desde 2018, a PLuxee, antiga Sodexo, fornece servi\u00e7os para criar uma melhor qualidade de vida aos clientes oferecendo alimenta\u00e7\u00e3o corporativa e benef\u00edcios para quem utiliza o servi\u00e7o. &nbsp;<\/p>\n<p data-aos=\"fade-up\"><span style=\"font-size: 0.9rem; background-color: var( --e-global-color-primary );\">A antiga Sodexo Benef\u00edcios, e agora Pluxee, \u00e9 comprometida a trabalhar com as comunidades locais, de maneira respons\u00e1vel e sustent\u00e1vel entregando mais de 250 produtos em 31 pa\u00edses.&nbsp;<\/span><\/p>\n<p data-aos=\"fade-up\"><span style=\"font-size: 0.9rem; background-color: var( --e-global-color-primary );\">Contrate a PLUXEE: <a href=\"http:\/\/www.sodexobeneficios.com.br\">www.sodexobeneficios.com.br<\/a><\/span><\/p>\t\t\t\t\t\t\t\t<\/div>\n\t\t\t\t<\/div>\n\t\t\t\t\t<\/div>\n\t\t<\/div>\n\t\t\t\t\t<\/div>\n\t\t<\/section>\n\t\t\t\t\t<\/div>\n\t\t<\/div>\n\t\t\t\t\t<\/div>\n\t\t<\/section>\n\t\t\t\t<\/div>\n\t\t","protected":false},"excerpt":{"rendered":"<p>Empresa Parceira PLUXEE \u00c9 EMPRESA PARCEIRA DA FEDERASSANTAS! A&nbsp;PLUXEE \u00e9 Empresa Parceira da Federassantas&nbsp;desde 2018, a PLuxee, antiga Sodexo, fornece servi\u00e7os para criar uma melhor qualidade de vida aos clientes oferecendo alimenta\u00e7\u00e3o corporativa e benef\u00edcios para quem utiliza o servi\u00e7o. &nbsp; A antiga Sodexo Benef\u00edcios, e agora Pluxee, \u00e9 comprometida a trabalhar com as comunidades [&hellip;]<\/p>\n","protected":false},"author":1,"featured_media":24842,"parent":0,"menu_order":0,"comment_status":"closed","ping_status":"closed","template":"","meta":{"footnotes":""},"class_list":["post-32157","page","type-page","status-publish","has-post-thumbnail","hentry"],"yoast_head":"<!-- This site is optimized with the Yoast SEO plugin v26.9 - https:\/\/yoast.com\/product\/yoast-seo-wordpress\/ -->\n<title>PLUXEE - Federassantas<\/title>\n<meta name=\"robots\" content=\"index, follow, max-snippet:-1, max-image-preview:large, max-video-preview:-1\" \/>\n<link rel=\"canonical\" href=\"https:\/\/www.federassantas.org.br\/novosite\/pluxee\/\" \/>\n<meta property=\"og:locale\" content=\"pt_BR\" \/>\n<meta property=\"og:type\" content=\"article\" \/>\n<meta property=\"og:title\" content=\"PLUXEE - Federassantas\" \/>\n<meta property=\"og:description\" content=\"Empresa Parceira PLUXEE \u00c9 EMPRESA PARCEIRA DA FEDERASSANTAS! A&nbsp;PLUXEE \u00e9 Empresa Parceira da Federassantas&nbsp;desde 2018, a PLuxee, antiga Sodexo, fornece servi\u00e7os para criar uma melhor qualidade de vida aos clientes oferecendo alimenta\u00e7\u00e3o corporativa e benef\u00edcios para quem utiliza o servi\u00e7o. &nbsp; A antiga Sodexo Benef\u00edcios, e agora Pluxee, \u00e9 comprometida a trabalhar com as comunidades [&hellip;]\" \/>\n<meta property=\"og:url\" content=\"https:\/\/www.federassantas.org.br\/novosite\/pluxee\/\" \/>\n<meta property=\"og:site_name\" content=\"Federassantas\" \/>\n<meta property=\"article:modified_time\" content=\"2024-03-14T18:56:32+00:00\" \/>\n<meta name=\"twitter:card\" content=\"summary_large_image\" \/>\n<script type=\"application\/ld+json\" class=\"yoast-schema-graph\">{\"@context\":\"https:\/\/schema.org\",\"@graph\":[{\"@type\":\"WebPage\",\"@id\":\"https:\/\/www.federassantas.org.br\/novosite\/pluxee\/\",\"url\":\"https:\/\/www.federassantas.org.br\/novosite\/pluxee\/\",\"name\":\"PLUXEE - Federassantas\",\"isPartOf\":{\"@id\":\"https:\/\/www.federassantas.org.br\/novosite\/#website\"},\"primaryImageOfPage\":{\"@id\":\"https:\/\/www.federassantas.org.br\/novosite\/pluxee\/#primaryimage\"},\"image\":{\"@id\":\"https:\/\/www.federassantas.org.br\/novosite\/pluxee\/#primaryimage\"},\"thumbnailUrl\":\"\",\"datePublished\":\"2024-03-13T21:16:27+00:00\",\"dateModified\":\"2024-03-14T18:56:32+00:00\",\"breadcrumb\":{\"@id\":\"https:\/\/www.federassantas.org.br\/novosite\/pluxee\/#breadcrumb\"},\"inLanguage\":\"pt-BR\",\"potentialAction\":[{\"@type\":\"ReadAction\",\"target\":[\"https:\/\/www.federassantas.org.br\/novosite\/pluxee\/\"]}]},{\"@type\":\"ImageObject\",\"inLanguage\":\"pt-BR\",\"@id\":\"https:\/\/www.federassantas.org.br\/novosite\/pluxee\/#primaryimage\",\"url\":\"\",\"contentUrl\":\"\"},{\"@type\":\"BreadcrumbList\",\"@id\":\"https:\/\/www.federassantas.org.br\/novosite\/pluxee\/#breadcrumb\",\"itemListElement\":[{\"@type\":\"ListItem\",\"position\":1,\"name\":\"In\u00edcio\",\"item\":\"https:\/\/www.federassantas.org.br\/novosite\/\"},{\"@type\":\"ListItem\",\"position\":2,\"name\":\"PLUXEE\"}]},{\"@type\":\"WebSite\",\"@id\":\"https:\/\/www.federassantas.org.br\/novosite\/#website\",\"url\":\"https:\/\/www.federassantas.org.br\/novosite\/\",\"name\":\"Federassantas\",\"description\":\"Fed. das Santas Casas e Hospitais Filantr\u00f3picos de MG\",\"publisher\":{\"@id\":\"https:\/\/www.federassantas.org.br\/novosite\/#organization\"},\"potentialAction\":[{\"@type\":\"SearchAction\",\"target\":{\"@type\":\"EntryPoint\",\"urlTemplate\":\"https:\/\/www.federassantas.org.br\/novosite\/?s={search_term_string}\"},\"query-input\":{\"@type\":\"PropertyValueSpecification\",\"valueRequired\":true,\"valueName\":\"search_term_string\"}}],\"inLanguage\":\"pt-BR\"},{\"@type\":\"Organization\",\"@id\":\"https:\/\/www.federassantas.org.br\/novosite\/#organization\",\"name\":\"Federassantas\",\"url\":\"https:\/\/www.federassantas.org.br\/novosite\/\",\"logo\":{\"@type\":\"ImageObject\",\"inLanguage\":\"pt-BR\",\"@id\":\"https:\/\/www.federassantas.org.br\/novosite\/#\/schema\/logo\/image\/\",\"url\":\"https:\/\/www.federassantas.org.br\/novosite\/wp-content\/uploads\/2021\/12\/logo.png\",\"contentUrl\":\"https:\/\/www.federassantas.org.br\/novosite\/wp-content\/uploads\/2021\/12\/logo.png\",\"width\":243,\"height\":59,\"caption\":\"Federassantas\"},\"image\":{\"@id\":\"https:\/\/www.federassantas.org.br\/novosite\/#\/schema\/logo\/image\/\"}}]}<\/script>\n<!-- \/ Yoast SEO plugin. -->","yoast_head_json":{"title":"PLUXEE - Federassantas","robots":{"index":"index","follow":"follow","max-snippet":"max-snippet:-1","max-image-preview":"max-image-preview:large","max-video-preview":"max-video-preview:-1"},"canonical":"https:\/\/www.federassantas.org.br\/novosite\/pluxee\/","og_locale":"pt_BR","og_type":"article","og_title":"PLUXEE - Federassantas","og_description":"Empresa Parceira PLUXEE \u00c9 EMPRESA PARCEIRA DA FEDERASSANTAS! A&nbsp;PLUXEE \u00e9 Empresa Parceira da Federassantas&nbsp;desde 2018, a PLuxee, antiga Sodexo, fornece servi\u00e7os para criar uma melhor qualidade de vida aos clientes oferecendo alimenta\u00e7\u00e3o corporativa e benef\u00edcios para quem utiliza o servi\u00e7o. &nbsp; A antiga Sodexo Benef\u00edcios, e agora Pluxee, \u00e9 comprometida a trabalhar com as comunidades [&hellip;]","og_url":"https:\/\/www.federassantas.org.br\/novosite\/pluxee\/","og_site_name":"Federassantas","article_modified_time":"2024-03-14T18:56:32+00:00","twitter_card":"summary_large_image","schema":{"@context":"https:\/\/schema.org","@graph":[{"@type":"WebPage","@id":"https:\/\/www.federassantas.org.br\/novosite\/pluxee\/","url":"https:\/\/www.federassantas.org.br\/novosite\/pluxee\/","name":"PLUXEE - Federassantas","isPartOf":{"@id":"https:\/\/www.federassantas.org.br\/novosite\/#website"},"primaryImageOfPage":{"@id":"https:\/\/www.federassantas.org.br\/novosite\/pluxee\/#primaryimage"},"image":{"@id":"https:\/\/www.federassantas.org.br\/novosite\/pluxee\/#primaryimage"},"thumbnailUrl":"","datePublished":"2024-03-13T21:16:27+00:00","dateModified":"2024-03-14T18:56:32+00:00","breadcrumb":{"@id":"https:\/\/www.federassantas.org.br\/novosite\/pluxee\/#breadcrumb"},"inLanguage":"pt-BR","potentialAction":[{"@type":"ReadAction","target":["https:\/\/www.federassantas.org.br\/novosite\/pluxee\/"]}]},{"@type":"ImageObject","inLanguage":"pt-BR","@id":"https:\/\/www.federassantas.org.br\/novosite\/pluxee\/#primaryimage","url":"","contentUrl":""},{"@type":"BreadcrumbList","@id":"https:\/\/www.federassantas.org.br\/novosite\/pluxee\/#breadcrumb","itemListElement":[{"@type":"ListItem","position":1,"name":"In\u00edcio","item":"https:\/\/www.federassantas.org.br\/novosite\/"},{"@type":"ListItem","position":2,"name":"PLUXEE"}]},{"@type":"WebSite","@id":"https:\/\/www.federassantas.org.br\/novosite\/#website","url":"https:\/\/www.federassantas.org.br\/novosite\/","name":"Federassantas","description":"Fed. das Santas Casas e Hospitais Filantr\u00f3picos de MG","publisher":{"@id":"https:\/\/www.federassantas.org.br\/novosite\/#organization"},"potentialAction":[{"@type":"SearchAction","target":{"@type":"EntryPoint","urlTemplate":"https:\/\/www.federassantas.org.br\/novosite\/?s={search_term_string}"},"query-input":{"@type":"PropertyValueSpecification","valueRequired":true,"valueName":"search_term_string"}}],"inLanguage":"pt-BR"},{"@type":"Organization","@id":"https:\/\/www.federassantas.org.br\/novosite\/#organization","name":"Federassantas","url":"https:\/\/www.federassantas.org.br\/novosite\/","logo":{"@type":"ImageObject","inLanguage":"pt-BR","@id":"https:\/\/www.federassantas.org.br\/novosite\/#\/schema\/logo\/image\/","url":"https:\/\/www.federassantas.org.br\/novosite\/wp-content\/uploads\/2021\/12\/logo.png","contentUrl":"https:\/\/www.federassantas.org.br\/novosite\/wp-content\/uploads\/2021\/12\/logo.png","width":243,"height":59,"caption":"Federassantas"},"image":{"@id":"https:\/\/www.federassantas.org.br\/novosite\/#\/schema\/logo\/image\/"}}]}},"_links":{"self":[{"href":"https:\/\/www.federassantas.org.br\/novosite\/wp-json\/wp\/v2\/pages\/32157","targetHints":{"allow":["GET"]}}],"collection":[{"href":"https:\/\/www.federassantas.org.br\/novosite\/wp-json\/wp\/v2\/pages"}],"about":[{"href":"https:\/\/www.federassantas.org.br\/novosite\/wp-json\/wp\/v2\/types\/page"}],"author":[{"embeddable":true,"href":"https:\/\/www.federassantas.org.br\/novosite\/wp-json\/wp\/v2\/users\/1"}],"replies":[{"embeddable":true,"href":"https:\/\/www.federassantas.org.br\/novosite\/wp-json\/wp\/v2\/comments?post=32157"}],"version-history":[{"count":7,"href":"https:\/\/www.federassantas.org.br\/novosite\/wp-json\/wp\/v2\/pages\/32157\/revisions"}],"predecessor-version":[{"id":32229,"href":"https:\/\/www.federassantas.org.br\/novosite\/wp-json\/wp\/v2\/pages\/32157\/revisions\/32229"}],"wp:featuredmedia":[{"embeddable":true,"href":"https:\/\/www.federassantas.org.br\/novosite\/wp-json\/"}],"wp:attachment":[{"href":"https:\/\/www.federassantas.org.br\/novosite\/wp-json\/wp\/v2\/media?parent=32157"}],"curies":[{"name":"wp","href":"https:\/\/api.w.org\/{rel}","templated":true}]}}