{"id":32167,"date":"2024-03-13T18:26:24","date_gmt":"2024-03-13T21:26:24","guid":{"rendered":"https:\/\/www.federassantas.org.br\/novosite\/?page_id=32167"},"modified":"2024-03-13T18:28:14","modified_gmt":"2024-03-13T21:28:14","slug":"2im","status":"publish","type":"page","link":"https:\/\/www.federassantas.org.br\/novosite\/2im\/","title":{"rendered":"2iM"},"content":{"rendered":"\t\t<div data-elementor-type=\"wp-page\" data-elementor-id=\"32167\" class=\"elementor elementor-32167\" data-elementor-post-type=\"page\">\n\t\t\t\t\t\t<section class=\"elementor-section elementor-top-section elementor-element elementor-element-1b08456 elementor-section-boxed elementor-section-height-default elementor-section-height-default\" data-id=\"1b08456\" data-element_type=\"section\" data-e-type=\"section\">\n\t\t\t\t\t\t<div class=\"elementor-container elementor-column-gap-default\">\n\t\t\t\t\t<div class=\"elementor-column elementor-col-100 elementor-top-column elementor-element elementor-element-b31caa5\" data-id=\"b31caa5\" data-element_type=\"column\" data-e-type=\"column\">\n\t\t\t<div class=\"elementor-widget-wrap elementor-element-populated\">\n\t\t\t\t\t\t<div class=\"elementor-element elementor-element-cb5d62e elementor-widget elementor-widget-heading\" data-id=\"cb5d62e\" data-element_type=\"widget\" data-e-type=\"widget\" data-widget_type=\"heading.default\">\n\t\t\t\t<div class=\"elementor-widget-container\">\n\t\t\t\t\t<h2 class=\"elementor-heading-title elementor-size-default\"><br>Empresa Parceira<\/h2>\t\t\t\t<\/div>\n\t\t\t\t<\/div>\n\t\t\t\t\t<\/div>\n\t\t<\/div>\n\t\t\t\t\t<\/div>\n\t\t<\/section>\n\t\t\t\t<section class=\"elementor-section elementor-top-section elementor-element elementor-element-a0afbd4 elementor-section-boxed elementor-section-height-default elementor-section-height-default\" data-id=\"a0afbd4\" data-element_type=\"section\" data-e-type=\"section\">\n\t\t\t\t\t\t<div class=\"elementor-container elementor-column-gap-default\">\n\t\t\t\t\t<div class=\"elementor-column elementor-col-100 elementor-top-column elementor-element elementor-element-1b0e4b2\" data-id=\"1b0e4b2\" data-element_type=\"column\" data-e-type=\"column\" data-settings=\"{&quot;background_background&quot;:&quot;classic&quot;}\">\n\t\t\t<div class=\"elementor-widget-wrap elementor-element-populated\">\n\t\t\t\t\t<div class=\"elementor-background-overlay\"><\/div>\n\t\t\t\t\t\t<div class=\"elementor-element elementor-element-7428fa8 elementor-widget elementor-widget-heading\" data-id=\"7428fa8\" data-element_type=\"widget\" data-e-type=\"widget\" data-widget_type=\"heading.default\">\n\t\t\t\t<div class=\"elementor-widget-container\">\n\t\t\t\t\t<h2 class=\"elementor-heading-title elementor-size-default\">2iM \u00c9 EMPRESA PARCEIRA DA FEDERASSANTAS!<\/h2>\t\t\t\t<\/div>\n\t\t\t\t<\/div>\n\t\t\t\t<section class=\"elementor-section elementor-inner-section elementor-element elementor-element-3531cab elementor-section-boxed elementor-section-height-default elementor-section-height-default\" data-id=\"3531cab\" data-element_type=\"section\" data-e-type=\"section\">\n\t\t\t\t\t\t<div class=\"elementor-container elementor-column-gap-default\">\n\t\t\t\t\t<div class=\"elementor-column elementor-col-50 elementor-inner-column elementor-element elementor-element-dd40273\" data-id=\"dd40273\" data-element_type=\"column\" data-e-type=\"column\">\n\t\t\t<div class=\"elementor-widget-wrap elementor-element-populated\">\n\t\t\t\t\t\t<div class=\"elementor-element elementor-element-b7edc6b elementor-widget elementor-widget-image\" data-id=\"b7edc6b\" data-element_type=\"widget\" data-e-type=\"widget\" data-widget_type=\"image.default\">\n\t\t\t\t<div class=\"elementor-widget-container\">\n\t\t\t\t\t\t\t\t\t\t\t\t\t\t\t<img fetchpriority=\"high\" decoding=\"async\" width=\"800\" height=\"800\" src=\"https:\/\/www.federassantas.org.br\/novosite\/wp-content\/uploads\/2024\/03\/empresas-parceiras-site-3-1024x1024.jpg\" class=\"attachment-large size-large wp-image-32172\" alt=\"\" srcset=\"https:\/\/www.federassantas.org.br\/novosite\/wp-content\/uploads\/2024\/03\/empresas-parceiras-site-3-1024x1024.jpg 1024w, https:\/\/www.federassantas.org.br\/novosite\/wp-content\/uploads\/2024\/03\/empresas-parceiras-site-3-300x300.jpg 300w, https:\/\/www.federassantas.org.br\/novosite\/wp-content\/uploads\/2024\/03\/empresas-parceiras-site-3-150x150.jpg 150w, https:\/\/www.federassantas.org.br\/novosite\/wp-content\/uploads\/2024\/03\/empresas-parceiras-site-3-768x768.jpg 768w, https:\/\/www.federassantas.org.br\/novosite\/wp-content\/uploads\/2024\/03\/empresas-parceiras-site-3.jpg 1080w\" sizes=\"(max-width: 800px) 100vw, 800px\" \/>\t\t\t\t\t\t\t\t\t\t\t\t\t\t\t<\/div>\n\t\t\t\t<\/div>\n\t\t\t\t\t<\/div>\n\t\t<\/div>\n\t\t\t\t<div class=\"elementor-column elementor-col-50 elementor-inner-column elementor-element elementor-element-b6507bb\" data-id=\"b6507bb\" data-element_type=\"column\" data-e-type=\"column\">\n\t\t\t<div class=\"elementor-widget-wrap elementor-element-populated\">\n\t\t\t\t\t\t<div class=\"elementor-element elementor-element-cd6a3f9 elementor-widget elementor-widget-text-editor\" data-id=\"cd6a3f9\" data-element_type=\"widget\" data-e-type=\"widget\" data-widget_type=\"text-editor.default\">\n\t\t\t\t<div class=\"elementor-widget-container\">\n\t\t\t\t\t\t\t\t\t<p data-aos=\"fade-up\">A\u00a0<b>2iM<\/b> \u00e9 Empresa parceira da Federassantas desde 2023, e aplica ferramentas e m\u00e9todos modernos oferecendo aos clientes e stakeholders, a intelig\u00eancia necess\u00e1ria para uma gest\u00e3o estrat\u00e9gica do cuidado com a sa\u00fade, utilizando dados seguros em tempo real.<\/p><p data-aos=\"fade-up\">Contrate a 2iM:<a href=\"https:\/\/2im.com.br\/#\"> www.2im.com.br<\/a><\/p>\t\t\t\t\t\t\t\t<\/div>\n\t\t\t\t<\/div>\n\t\t\t\t\t<\/div>\n\t\t<\/div>\n\t\t\t\t\t<\/div>\n\t\t<\/section>\n\t\t\t\t\t<\/div>\n\t\t<\/div>\n\t\t\t\t\t<\/div>\n\t\t<\/section>\n\t\t\t\t<\/div>\n\t\t","protected":false},"excerpt":{"rendered":"<p>Empresa Parceira 2iM \u00c9 EMPRESA PARCEIRA DA FEDERASSANTAS! A\u00a02iM \u00e9 Empresa parceira da Federassantas desde 2023, e aplica ferramentas e m\u00e9todos modernos oferecendo aos clientes e stakeholders, a intelig\u00eancia necess\u00e1ria para uma gest\u00e3o estrat\u00e9gica do cuidado com a sa\u00fade, utilizando dados seguros em tempo real. Contrate a 2iM: www.2im.com.br<\/p>\n","protected":false},"author":1,"featured_media":24842,"parent":0,"menu_order":0,"comment_status":"closed","ping_status":"closed","template":"","meta":{"footnotes":""},"class_list":["post-32167","page","type-page","status-publish","has-post-thumbnail","hentry"],"yoast_head":"<!-- This site is optimized with the Yoast SEO plugin v26.9 - https:\/\/yoast.com\/product\/yoast-seo-wordpress\/ -->\n<title>2iM - Federassantas<\/title>\n<meta name=\"robots\" content=\"index, follow, max-snippet:-1, max-image-preview:large, max-video-preview:-1\" \/>\n<link rel=\"canonical\" href=\"https:\/\/www.federassantas.org.br\/novosite\/2im\/\" \/>\n<meta property=\"og:locale\" content=\"pt_BR\" \/>\n<meta property=\"og:type\" content=\"article\" \/>\n<meta property=\"og:title\" content=\"2iM - Federassantas\" \/>\n<meta property=\"og:description\" content=\"Empresa Parceira 2iM \u00c9 EMPRESA PARCEIRA DA FEDERASSANTAS! A\u00a02iM \u00e9 Empresa parceira da Federassantas desde 2023, e aplica ferramentas e m\u00e9todos modernos oferecendo aos clientes e stakeholders, a intelig\u00eancia necess\u00e1ria para uma gest\u00e3o estrat\u00e9gica do cuidado com a sa\u00fade, utilizando dados seguros em tempo real. Contrate a 2iM: www.2im.com.br\" \/>\n<meta property=\"og:url\" content=\"https:\/\/www.federassantas.org.br\/novosite\/2im\/\" \/>\n<meta property=\"og:site_name\" content=\"Federassantas\" \/>\n<meta property=\"article:modified_time\" content=\"2024-03-13T21:28:14+00:00\" \/>\n<meta name=\"twitter:card\" content=\"summary_large_image\" \/>\n<script type=\"application\/ld+json\" class=\"yoast-schema-graph\">{\"@context\":\"https:\/\/schema.org\",\"@graph\":[{\"@type\":\"WebPage\",\"@id\":\"https:\/\/www.federassantas.org.br\/novosite\/2im\/\",\"url\":\"https:\/\/www.federassantas.org.br\/novosite\/2im\/\",\"name\":\"2iM - Federassantas\",\"isPartOf\":{\"@id\":\"https:\/\/www.federassantas.org.br\/novosite\/#website\"},\"primaryImageOfPage\":{\"@id\":\"https:\/\/www.federassantas.org.br\/novosite\/2im\/#primaryimage\"},\"image\":{\"@id\":\"https:\/\/www.federassantas.org.br\/novosite\/2im\/#primaryimage\"},\"thumbnailUrl\":\"\",\"datePublished\":\"2024-03-13T21:26:24+00:00\",\"dateModified\":\"2024-03-13T21:28:14+00:00\",\"breadcrumb\":{\"@id\":\"https:\/\/www.federassantas.org.br\/novosite\/2im\/#breadcrumb\"},\"inLanguage\":\"pt-BR\",\"potentialAction\":[{\"@type\":\"ReadAction\",\"target\":[\"https:\/\/www.federassantas.org.br\/novosite\/2im\/\"]}]},{\"@type\":\"ImageObject\",\"inLanguage\":\"pt-BR\",\"@id\":\"https:\/\/www.federassantas.org.br\/novosite\/2im\/#primaryimage\",\"url\":\"\",\"contentUrl\":\"\"},{\"@type\":\"BreadcrumbList\",\"@id\":\"https:\/\/www.federassantas.org.br\/novosite\/2im\/#breadcrumb\",\"itemListElement\":[{\"@type\":\"ListItem\",\"position\":1,\"name\":\"In\u00edcio\",\"item\":\"https:\/\/www.federassantas.org.br\/novosite\/\"},{\"@type\":\"ListItem\",\"position\":2,\"name\":\"2iM\"}]},{\"@type\":\"WebSite\",\"@id\":\"https:\/\/www.federassantas.org.br\/novosite\/#website\",\"url\":\"https:\/\/www.federassantas.org.br\/novosite\/\",\"name\":\"Federassantas\",\"description\":\"Fed. das Santas Casas e Hospitais Filantr\u00f3picos de MG\",\"publisher\":{\"@id\":\"https:\/\/www.federassantas.org.br\/novosite\/#organization\"},\"potentialAction\":[{\"@type\":\"SearchAction\",\"target\":{\"@type\":\"EntryPoint\",\"urlTemplate\":\"https:\/\/www.federassantas.org.br\/novosite\/?s={search_term_string}\"},\"query-input\":{\"@type\":\"PropertyValueSpecification\",\"valueRequired\":true,\"valueName\":\"search_term_string\"}}],\"inLanguage\":\"pt-BR\"},{\"@type\":\"Organization\",\"@id\":\"https:\/\/www.federassantas.org.br\/novosite\/#organization\",\"name\":\"Federassantas\",\"url\":\"https:\/\/www.federassantas.org.br\/novosite\/\",\"logo\":{\"@type\":\"ImageObject\",\"inLanguage\":\"pt-BR\",\"@id\":\"https:\/\/www.federassantas.org.br\/novosite\/#\/schema\/logo\/image\/\",\"url\":\"https:\/\/www.federassantas.org.br\/novosite\/wp-content\/uploads\/2021\/12\/logo.png\",\"contentUrl\":\"https:\/\/www.federassantas.org.br\/novosite\/wp-content\/uploads\/2021\/12\/logo.png\",\"width\":243,\"height\":59,\"caption\":\"Federassantas\"},\"image\":{\"@id\":\"https:\/\/www.federassantas.org.br\/novosite\/#\/schema\/logo\/image\/\"}}]}<\/script>\n<!-- \/ Yoast SEO plugin. -->","yoast_head_json":{"title":"2iM - Federassantas","robots":{"index":"index","follow":"follow","max-snippet":"max-snippet:-1","max-image-preview":"max-image-preview:large","max-video-preview":"max-video-preview:-1"},"canonical":"https:\/\/www.federassantas.org.br\/novosite\/2im\/","og_locale":"pt_BR","og_type":"article","og_title":"2iM - Federassantas","og_description":"Empresa Parceira 2iM \u00c9 EMPRESA PARCEIRA DA FEDERASSANTAS! A\u00a02iM \u00e9 Empresa parceira da Federassantas desde 2023, e aplica ferramentas e m\u00e9todos modernos oferecendo aos clientes e stakeholders, a intelig\u00eancia necess\u00e1ria para uma gest\u00e3o estrat\u00e9gica do cuidado com a sa\u00fade, utilizando dados seguros em tempo real. Contrate a 2iM: www.2im.com.br","og_url":"https:\/\/www.federassantas.org.br\/novosite\/2im\/","og_site_name":"Federassantas","article_modified_time":"2024-03-13T21:28:14+00:00","twitter_card":"summary_large_image","schema":{"@context":"https:\/\/schema.org","@graph":[{"@type":"WebPage","@id":"https:\/\/www.federassantas.org.br\/novosite\/2im\/","url":"https:\/\/www.federassantas.org.br\/novosite\/2im\/","name":"2iM - Federassantas","isPartOf":{"@id":"https:\/\/www.federassantas.org.br\/novosite\/#website"},"primaryImageOfPage":{"@id":"https:\/\/www.federassantas.org.br\/novosite\/2im\/#primaryimage"},"image":{"@id":"https:\/\/www.federassantas.org.br\/novosite\/2im\/#primaryimage"},"thumbnailUrl":"","datePublished":"2024-03-13T21:26:24+00:00","dateModified":"2024-03-13T21:28:14+00:00","breadcrumb":{"@id":"https:\/\/www.federassantas.org.br\/novosite\/2im\/#breadcrumb"},"inLanguage":"pt-BR","potentialAction":[{"@type":"ReadAction","target":["https:\/\/www.federassantas.org.br\/novosite\/2im\/"]}]},{"@type":"ImageObject","inLanguage":"pt-BR","@id":"https:\/\/www.federassantas.org.br\/novosite\/2im\/#primaryimage","url":"","contentUrl":""},{"@type":"BreadcrumbList","@id":"https:\/\/www.federassantas.org.br\/novosite\/2im\/#breadcrumb","itemListElement":[{"@type":"ListItem","position":1,"name":"In\u00edcio","item":"https:\/\/www.federassantas.org.br\/novosite\/"},{"@type":"ListItem","position":2,"name":"2iM"}]},{"@type":"WebSite","@id":"https:\/\/www.federassantas.org.br\/novosite\/#website","url":"https:\/\/www.federassantas.org.br\/novosite\/","name":"Federassantas","description":"Fed. das Santas Casas e Hospitais Filantr\u00f3picos de MG","publisher":{"@id":"https:\/\/www.federassantas.org.br\/novosite\/#organization"},"potentialAction":[{"@type":"SearchAction","target":{"@type":"EntryPoint","urlTemplate":"https:\/\/www.federassantas.org.br\/novosite\/?s={search_term_string}"},"query-input":{"@type":"PropertyValueSpecification","valueRequired":true,"valueName":"search_term_string"}}],"inLanguage":"pt-BR"},{"@type":"Organization","@id":"https:\/\/www.federassantas.org.br\/novosite\/#organization","name":"Federassantas","url":"https:\/\/www.federassantas.org.br\/novosite\/","logo":{"@type":"ImageObject","inLanguage":"pt-BR","@id":"https:\/\/www.federassantas.org.br\/novosite\/#\/schema\/logo\/image\/","url":"https:\/\/www.federassantas.org.br\/novosite\/wp-content\/uploads\/2021\/12\/logo.png","contentUrl":"https:\/\/www.federassantas.org.br\/novosite\/wp-content\/uploads\/2021\/12\/logo.png","width":243,"height":59,"caption":"Federassantas"},"image":{"@id":"https:\/\/www.federassantas.org.br\/novosite\/#\/schema\/logo\/image\/"}}]}},"_links":{"self":[{"href":"https:\/\/www.federassantas.org.br\/novosite\/wp-json\/wp\/v2\/pages\/32167","targetHints":{"allow":["GET"]}}],"collection":[{"href":"https:\/\/www.federassantas.org.br\/novosite\/wp-json\/wp\/v2\/pages"}],"about":[{"href":"https:\/\/www.federassantas.org.br\/novosite\/wp-json\/wp\/v2\/types\/page"}],"author":[{"embeddable":true,"href":"https:\/\/www.federassantas.org.br\/novosite\/wp-json\/wp\/v2\/users\/1"}],"replies":[{"embeddable":true,"href":"https:\/\/www.federassantas.org.br\/novosite\/wp-json\/wp\/v2\/comments?post=32167"}],"version-history":[{"count":4,"href":"https:\/\/www.federassantas.org.br\/novosite\/wp-json\/wp\/v2\/pages\/32167\/revisions"}],"predecessor-version":[{"id":32175,"href":"https:\/\/www.federassantas.org.br\/novosite\/wp-json\/wp\/v2\/pages\/32167\/revisions\/32175"}],"wp:featuredmedia":[{"embeddable":true,"href":"https:\/\/www.federassantas.org.br\/novosite\/wp-json\/"}],"wp:attachment":[{"href":"https:\/\/www.federassantas.org.br\/novosite\/wp-json\/wp\/v2\/media?parent=32167"}],"curies":[{"name":"wp","href":"https:\/\/api.w.org\/{rel}","templated":true}]}}