{"id":34371,"date":"2024-08-06T17:56:15","date_gmt":"2024-08-06T20:56:15","guid":{"rendered":"https:\/\/www.federassantas.org.br\/novosite\/?page_id=34371"},"modified":"2024-08-07T10:03:52","modified_gmt":"2024-08-07T13:03:52","slug":"coresaudenews","status":"publish","type":"page","link":"https:\/\/www.federassantas.org.br\/novosite\/coresaudenews\/","title":{"rendered":"CORE SA\u00daDE NEWS"},"content":{"rendered":"\t\t<div data-elementor-type=\"wp-page\" data-elementor-id=\"34371\" class=\"elementor elementor-34371\" data-elementor-post-type=\"page\">\n\t\t\t\t\t\t<section class=\"elementor-section elementor-top-section elementor-element elementor-element-3cd5b7ac elementor-section-height-min-height elementor-section-boxed elementor-section-height-default elementor-section-items-middle\" data-id=\"3cd5b7ac\" data-element_type=\"section\" data-e-type=\"section\" data-settings=\"{&quot;background_background&quot;:&quot;classic&quot;}\">\n\t\t\t\t\t\t\t<div class=\"elementor-background-overlay\"><\/div>\n\t\t\t\t\t\t\t<div class=\"elementor-container elementor-column-gap-default\">\n\t\t\t\t\t<div class=\"elementor-column elementor-col-100 elementor-top-column elementor-element elementor-element-2fd9ec49\" data-id=\"2fd9ec49\" data-element_type=\"column\" data-e-type=\"column\">\n\t\t\t<div class=\"elementor-widget-wrap elementor-element-populated\">\n\t\t\t\t\t\t<div class=\"elementor-element elementor-element-47a86546 elementor-align-left elementor-mobile-align-center elementor-widget elementor-widget-breadcrumbs\" data-id=\"47a86546\" data-element_type=\"widget\" data-e-type=\"widget\" data-widget_type=\"breadcrumbs.default\">\n\t\t\t\t<div class=\"elementor-widget-container\">\n\t\t\t\t\t<p id=\"breadcrumbs\"><span><span><a href=\"https:\/\/www.federassantas.org.br\/novosite\/\">In\u00edcio<\/a><\/span><\/span><\/p>\t\t\t\t<\/div>\n\t\t\t\t<\/div>\n\t\t\t\t\t<\/div>\n\t\t<\/div>\n\t\t\t\t\t<\/div>\n\t\t<\/section>\n\t\t\t\t<section class=\"elementor-section elementor-top-section elementor-element elementor-element-1a9145eb elementor-section-full_width elementor-section-height-default elementor-section-height-default\" data-id=\"1a9145eb\" data-element_type=\"section\" data-e-type=\"section\">\n\t\t\t\t\t\t<div class=\"elementor-container elementor-column-gap-no\">\n\t\t\t\t\t<div class=\"elementor-column elementor-col-100 elementor-top-column elementor-element elementor-element-3e3c4c25\" data-id=\"3e3c4c25\" data-element_type=\"column\" data-e-type=\"column\">\n\t\t\t<div class=\"elementor-widget-wrap elementor-element-populated\">\n\t\t\t\t\t\t<div class=\"elementor-element elementor-element-749f485b elementor-widget elementor-widget-html\" data-id=\"749f485b\" data-element_type=\"widget\" data-e-type=\"widget\" data-widget_type=\"html.default\">\n\t\t\t\t<div class=\"elementor-widget-container\">\n\t\t\t\t\t<svg class=\"two\" fill=\"url(#grad1)\" xmlns=\"http:\/\/www.w3.org\/2000\/svg\" viewBox=\"0 0 1000 100\" preserveAspectRatio=\"none\">\r\n    \r\n    \r\n    \r\n    <defs>\r\n    <linearGradient id=\"grad1\" x1=\"0%\" y1=\"0%\" x2=\"100%\" y2=\"0%\">\r\n      <stop offset=\"0%\" style=\"stop-color:#4bc2ac;stop-opacity:1\" \/>\r\n      <stop offset=\"100%\" style=\"stop-color:#59aee0;stop-opacity:1\" \/>\r\n    <\/linearGradient>\r\n  <\/defs>\r\n    \r\n    \r\n\t<path  class=\"elementor-shape-fill\" d=\"M500,97C126.7,96.3,0.8,19.8,0,0v100l1000,0V1C1000,19.4,873.3,97.8,500,97z\"><\/path>\r\n<\/svg>\r\n\r\n\r\n<style>\r\n    svg.two {\r\n        width: 100%;\r\n        height: 49px;\r\n    }\r\n<\/style>\t\t\t\t<\/div>\n\t\t\t\t<\/div>\n\t\t\t\t\t<\/div>\n\t\t<\/div>\n\t\t\t\t\t<\/div>\n\t\t<\/section>\n\t\t\t\t<section class=\"elementor-section elementor-top-section elementor-element elementor-element-42bac761 elementor-section-full_width elementor-section-height-default elementor-section-height-default\" data-id=\"42bac761\" data-element_type=\"section\" data-e-type=\"section\" data-settings=\"{&quot;background_background&quot;:&quot;classic&quot;}\">\n\t\t\t\t\t\t<div class=\"elementor-container elementor-column-gap-no\">\n\t\t\t\t\t<div class=\"elementor-column elementor-col-100 elementor-top-column elementor-element elementor-element-2d82163d\" data-id=\"2d82163d\" data-element_type=\"column\" data-e-type=\"column\">\n\t\t\t<div class=\"elementor-widget-wrap elementor-element-populated\">\n\t\t\t\t\t\t<div class=\"elementor-element elementor-element-53444990 elementor-widget elementor-widget-html\" data-id=\"53444990\" data-element_type=\"widget\" data-e-type=\"widget\" data-widget_type=\"html.default\">\n\t\t\t\t<div class=\"elementor-widget-container\">\n\t\t\t\t\t<svg class=\"one\" fill=\"url(#grad1)\" xmlns=\"http:\/\/www.w3.org\/2000\/svg\" viewBox=\"0 0 1000 100\" preserveAspectRatio=\"none\">\r\n    \r\n    \r\n    <defs>\r\n    <linearGradient id=\"grad1\" x1=\"0%\" y1=\"0%\" x2=\"100%\" y2=\"0%\">\r\n      <stop offset=\"0%\" style=\"stop-color:#4bc2ac;stop-opacity:1\" \/>\r\n      <stop offset=\"100%\" style=\"stop-color:#59aee0;stop-opacity:1\" \/>\r\n    <\/linearGradient>\r\n  <\/defs>\r\n    \r\n    \r\n\t<path class=\"elementor-shape-fill\" d=\"M421.9,6.5c22.6-2.5,51.5,0.4,75.5,5.3c23.6,4.9,70.9,23.5,100.5,35.7c75.8,32.2,133.7,44.5,192.6,49.7\r\n\tc23.6,2.1,48.7,3.5,103.4-2.5c54.7-6,106.2-25.6,106.2-25.6V0H0v30.3c0,0,72,32.6,158.4,30.5c39.2-0.7,92.8-6.7,134-22.4\r\n\tc21.2-8.1,52.2-18.2,79.7-24.2C399.3,7.9,411.6,7.5,421.9,6.5z\"><\/path>\r\n<\/svg>\r\n\r\n\r\n\r\n\r\n<style>\r\nsvg.one {\r\nheight: 20px;\r\nwidth: 100%;\r\n}\r\n<\/style>\t\t\t\t<\/div>\n\t\t\t\t<\/div>\n\t\t\t\t\t<\/div>\n\t\t<\/div>\n\t\t\t\t\t<\/div>\n\t\t<\/section>\n\t\t\t\t<section class=\"elementor-section elementor-top-section elementor-element elementor-element-6ce6485 elementor-section-height-min-height elementor-section-boxed elementor-section-height-default elementor-section-items-middle\" data-id=\"6ce6485\" data-element_type=\"section\" data-e-type=\"section\">\n\t\t\t\t\t\t<div class=\"elementor-container elementor-column-gap-wide\">\n\t\t\t\t\t<div class=\"elementor-column elementor-col-100 elementor-top-column elementor-element elementor-element-32c67a72\" data-id=\"32c67a72\" data-element_type=\"column\" data-e-type=\"column\">\n\t\t\t<div class=\"elementor-widget-wrap elementor-element-populated\">\n\t\t\t\t\t\t<div class=\"elementor-element elementor-element-8232d14 elementor-widget elementor-widget-text-editor\" data-id=\"8232d14\" data-element_type=\"widget\" data-e-type=\"widget\" data-widget_type=\"text-editor.default\">\n\t\t\t\t<div class=\"elementor-widget-container\">\n\t\t\t\t\t\t\t\t\t<p>O Core Sa\u00fade News \u00e9 um informativo criado pelo Core Sa\u00fade &#8211; Centro de Oportunidades e Relacionamento para Executivos de Sa\u00fade e destinado a todos os profissionais de sa\u00fade das institui\u00e7\u00f5es beneficentes. Divulgado quinzenalmente, o jornal compila informa\u00e7\u00f5es de hospitais filantr\u00f3picos, divulga eventos do setor e artigos de interesse p\u00fablico relacionados a sa\u00fade.\u00a0<\/p>\t\t\t\t\t\t\t\t<\/div>\n\t\t\t\t<\/div>\n\t\t\t\t<section class=\"elementor-section elementor-inner-section elementor-element elementor-element-5b3a3e3e elementor-section-boxed elementor-section-height-default elementor-section-height-default\" data-id=\"5b3a3e3e\" data-element_type=\"section\" data-e-type=\"section\">\n\t\t\t\t\t\t<div class=\"elementor-container elementor-column-gap-default\">\n\t\t\t\t\t<div class=\"elementor-column elementor-col-100 elementor-inner-column elementor-element elementor-element-ff98df\" data-id=\"ff98df\" data-element_type=\"column\" data-e-type=\"column\">\n\t\t\t<div class=\"elementor-widget-wrap elementor-element-populated\">\n\t\t\t\t\t\t<div class=\"elementor-element elementor-element-dee65e0 elementor-widget elementor-widget-heading\" data-id=\"dee65e0\" data-element_type=\"widget\" data-e-type=\"widget\" data-widget_type=\"heading.default\">\n\t\t\t\t<div class=\"elementor-widget-container\">\n\t\t\t\t\t<h2 class=\"elementor-heading-title elementor-size-default\">Edi\u00e7\u00f5es:<\/h2>\t\t\t\t<\/div>\n\t\t\t\t<\/div>\n\t\t\t\t\t<\/div>\n\t\t<\/div>\n\t\t\t\t\t<\/div>\n\t\t<\/section>\n\t\t\t\t<div class=\"elementor-element elementor-element-9312ac2 elementor-widget__width-initial elementor-widget elementor-widget-heading\" data-id=\"9312ac2\" data-element_type=\"widget\" data-e-type=\"widget\" data-widget_type=\"heading.default\">\n\t\t\t\t<div class=\"elementor-widget-container\">\n\t\t\t\t\t<h2 class=\"elementor-heading-title elementor-size-default\"><a href=\"https:\/\/www.federassantas.org.br\/novosite\/wp-content\/uploads\/2023\/11\/CORE-SAUDE-NEWS-1.pdf\">Edi\u00e7\u00e3o 1 - 15 de novembro de 2023<br><br><\/a><\/h2>\t\t\t\t<\/div>\n\t\t\t\t<\/div>\n\t\t\t\t<div class=\"elementor-element elementor-element-35cb59f elementor-widget elementor-widget-heading\" data-id=\"35cb59f\" data-element_type=\"widget\" data-e-type=\"widget\" data-widget_type=\"heading.default\">\n\t\t\t\t<div class=\"elementor-widget-container\">\n\t\t\t\t\t<h2 class=\"elementor-heading-title elementor-size-default\"><a href=\"https:\/\/www.federassantas.org.br\/novosite\/wp-content\/uploads\/2023\/11\/CORE-SAUDE-NEWS-2-30-11.pdf\">Edi\u00e7\u00e3o 2 - 30 de novembro de 2023<\/a><\/h2>\t\t\t\t<\/div>\n\t\t\t\t<\/div>\n\t\t\t\t<div class=\"elementor-element elementor-element-e68c873 elementor-widget elementor-widget-heading\" data-id=\"e68c873\" data-element_type=\"widget\" data-e-type=\"widget\" data-widget_type=\"heading.default\">\n\t\t\t\t<div class=\"elementor-widget-container\">\n\t\t\t\t\t<h2 class=\"elementor-heading-title elementor-size-default\"><a href=\"https:\/\/www.federassantas.org.br\/novosite\/wp-content\/uploads\/2023\/12\/CORE-SAUDE-NEWS-3-15-12-1.pdf\">Edi\u00e7\u00e3o 3 - 15 de dezembro de 2023<\/a><\/h2>\t\t\t\t<\/div>\n\t\t\t\t<\/div>\n\t\t\t\t<div class=\"elementor-element elementor-element-a6b1574 elementor-widget elementor-widget-heading\" data-id=\"a6b1574\" data-element_type=\"widget\" data-e-type=\"widget\" data-widget_type=\"heading.default\">\n\t\t\t\t<div class=\"elementor-widget-container\">\n\t\t\t\t\t<h2 class=\"elementor-heading-title elementor-size-default\"><a href=\"https:\/\/www.federassantas.org.br\/novosite\/wp-content\/uploads\/2024\/01\/CORE-NEWS-SAUDE-15-01.pdf\">Edi\u00e7\u00e3o 4 - 15 de janeiro de 2024<\/a><\/h2>\t\t\t\t<\/div>\n\t\t\t\t<\/div>\n\t\t\t\t<div class=\"elementor-element elementor-element-e99efb5 elementor-widget elementor-widget-heading\" data-id=\"e99efb5\" data-element_type=\"widget\" data-e-type=\"widget\" data-widget_type=\"heading.default\">\n\t\t\t\t<div class=\"elementor-widget-container\">\n\t\t\t\t\t<h2 class=\"elementor-heading-title elementor-size-default\"><a href=\"https:\/\/www.federassantas.org.br\/novosite\/wp-content\/uploads\/2024\/01\/CORE-NEWS-5-3.pdf\">Edi\u00e7\u00e3o 5 - 31 de janeiro de 2024 <\/a><\/h2>\t\t\t\t<\/div>\n\t\t\t\t<\/div>\n\t\t\t\t<div class=\"elementor-element elementor-element-f5e0a2c elementor-widget elementor-widget-heading\" data-id=\"f5e0a2c\" data-element_type=\"widget\" data-e-type=\"widget\" data-widget_type=\"heading.default\">\n\t\t\t\t<div class=\"elementor-widget-container\">\n\t\t\t\t\t<h2 class=\"elementor-heading-title elementor-size-default\"><a href=\"https:\/\/www.federassantas.org.br\/novosite\/wp-content\/uploads\/2024\/02\/CORE-SAUDE-NEWS-15-02.pdf\">Edi\u00e7\u00e3o 6 - 15 de fevereiro de 2024<\/a><\/h2>\t\t\t\t<\/div>\n\t\t\t\t<\/div>\n\t\t\t\t<div class=\"elementor-element elementor-element-38be031 elementor-widget elementor-widget-heading\" data-id=\"38be031\" data-element_type=\"widget\" data-e-type=\"widget\" data-widget_type=\"heading.default\">\n\t\t\t\t<div class=\"elementor-widget-container\">\n\t\t\t\t\t<h2 class=\"elementor-heading-title elementor-size-default\"><a href=\"https:\/\/www.federassantas.org.br\/novosite\/wp-content\/uploads\/2024\/02\/CORE-SAUDE-NEWS-29-02.pdf\">Edi\u00e7\u00e3o 7 - 29 de fevereiro de 2024<\/a><\/h2>\t\t\t\t<\/div>\n\t\t\t\t<\/div>\n\t\t\t\t<div class=\"elementor-element elementor-element-3111970 elementor-widget elementor-widget-heading\" data-id=\"3111970\" data-element_type=\"widget\" data-e-type=\"widget\" data-widget_type=\"heading.default\">\n\t\t\t\t<div class=\"elementor-widget-container\">\n\t\t\t\t\t<h2 class=\"elementor-heading-title elementor-size-default\"><a href=\"https:\/\/www.federassantas.org.br\/novosite\/wp-content\/uploads\/2024\/03\/Core-Saude-News-15-03.pdf\">Edi\u00e7\u00e3o 8 - 15 de mar\u00e7o de 2024<\/a><\/h2>\t\t\t\t<\/div>\n\t\t\t\t<\/div>\n\t\t\t\t<div class=\"elementor-element elementor-element-5db7bae elementor-widget elementor-widget-heading\" data-id=\"5db7bae\" data-element_type=\"widget\" data-e-type=\"widget\" data-widget_type=\"heading.default\">\n\t\t\t\t<div class=\"elementor-widget-container\">\n\t\t\t\t\t<h2 class=\"elementor-heading-title elementor-size-default\"><a href=\"https:\/\/www.federassantas.org.br\/novosite\/wp-content\/uploads\/2024\/03\/Core-Saude-News-9-1.pdf\">Edi\u00e7\u00e3o 9 - 28 de mar\u00e7o de 2024<\/a><\/h2>\t\t\t\t<\/div>\n\t\t\t\t<\/div>\n\t\t\t\t<div class=\"elementor-element elementor-element-d88a8bd elementor-widget elementor-widget-heading\" data-id=\"d88a8bd\" data-element_type=\"widget\" data-e-type=\"widget\" data-widget_type=\"heading.default\">\n\t\t\t\t<div class=\"elementor-widget-container\">\n\t\t\t\t\t<h2 class=\"elementor-heading-title elementor-size-default\"><a href=\"https:\/\/www.federassantas.org.br\/novosite\/wp-content\/uploads\/2024\/04\/Core-Saude-News-10.pdf\">Edi\u00e7\u00e3o 10 - 15 de abril de 2024<\/a><\/h2>\t\t\t\t<\/div>\n\t\t\t\t<\/div>\n\t\t\t\t<div class=\"elementor-element elementor-element-ecaf8df elementor-widget elementor-widget-heading\" data-id=\"ecaf8df\" data-element_type=\"widget\" data-e-type=\"widget\" data-widget_type=\"heading.default\">\n\t\t\t\t<div class=\"elementor-widget-container\">\n\t\t\t\t\t<h2 class=\"elementor-heading-title elementor-size-default\"><a href=\"https:\/\/www.federassantas.org.br\/novosite\/wp-content\/uploads\/2024\/04\/Core-Saude-News-11.pdf\">Edi\u00e7\u00e3o 11 - 30 de abril de 2024<\/a><\/h2>\t\t\t\t<\/div>\n\t\t\t\t<\/div>\n\t\t\t\t<div class=\"elementor-element elementor-element-69c8dcd elementor-widget elementor-widget-heading\" data-id=\"69c8dcd\" data-element_type=\"widget\" data-e-type=\"widget\" data-widget_type=\"heading.default\">\n\t\t\t\t<div class=\"elementor-widget-container\">\n\t\t\t\t\t<h2 class=\"elementor-heading-title elementor-size-default\"><a href=\"https:\/\/www.federassantas.org.br\/novosite\/wp-content\/uploads\/2024\/05\/Core-Saude-News-15-05.pdf\">Edi\u00e7\u00e3o 12 - 15 de maio de 2024<\/a><\/h2>\t\t\t\t<\/div>\n\t\t\t\t<\/div>\n\t\t\t\t<div class=\"elementor-element elementor-element-342b508 elementor-widget elementor-widget-heading\" data-id=\"342b508\" data-element_type=\"widget\" data-e-type=\"widget\" data-widget_type=\"heading.default\">\n\t\t\t\t<div class=\"elementor-widget-container\">\n\t\t\t\t\t<h2 class=\"elementor-heading-title elementor-size-default\"><a href=\"https:\/\/www.federassantas.org.br\/novosite\/wp-content\/uploads\/2024\/06\/Core-Saude-News-13.pdf\">Edi\u00e7\u00e3o 13 - 31 de maio de 2024<\/a><\/h2>\t\t\t\t<\/div>\n\t\t\t\t<\/div>\n\t\t\t\t<div class=\"elementor-element elementor-element-f1a5681 elementor-widget elementor-widget-heading\" data-id=\"f1a5681\" data-element_type=\"widget\" data-e-type=\"widget\" data-widget_type=\"heading.default\">\n\t\t\t\t<div class=\"elementor-widget-container\">\n\t\t\t\t\t<h2 class=\"elementor-heading-title elementor-size-default\"><a href=\"https:\/\/www.federassantas.org.br\/novosite\/wp-content\/uploads\/2024\/06\/Core-Saude-News-14.pdf\">Edi\u00e7\u00e3o 14 - 15 de junho de 2024\n<\/a><\/h2>\t\t\t\t<\/div>\n\t\t\t\t<\/div>\n\t\t\t\t<div class=\"elementor-element elementor-element-afed656 elementor-widget elementor-widget-heading\" data-id=\"afed656\" data-element_type=\"widget\" data-e-type=\"widget\" data-widget_type=\"heading.default\">\n\t\t\t\t<div class=\"elementor-widget-container\">\n\t\t\t\t\t<h2 class=\"elementor-heading-title elementor-size-default\"><a href=\"https:\/\/www.federassantas.org.br\/novosite\/wp-content\/uploads\/2024\/06\/Core-Saude-News-15.pdf\">Edi\u00e7\u00e3o 15 - 30 de junho de 2024<\/a><\/h2>\t\t\t\t<\/div>\n\t\t\t\t<\/div>\n\t\t\t\t<div class=\"elementor-element elementor-element-7cdccdb elementor-widget elementor-widget-heading\" data-id=\"7cdccdb\" data-element_type=\"widget\" data-e-type=\"widget\" data-widget_type=\"heading.default\">\n\t\t\t\t<div class=\"elementor-widget-container\">\n\t\t\t\t\t<h2 class=\"elementor-heading-title elementor-size-default\"><a href=\"https:\/\/www.federassantas.org.br\/novosite\/wp-content\/uploads\/2024\/07\/Core-Saude-News-16.pdf\">Edi\u00e7\u00e3o 16 - 15 de julho de 2024<\/a><\/h2>\t\t\t\t<\/div>\n\t\t\t\t<\/div>\n\t\t\t\t<div class=\"elementor-element elementor-element-a4bca41 elementor-widget elementor-widget-heading\" data-id=\"a4bca41\" data-element_type=\"widget\" data-e-type=\"widget\" data-widget_type=\"heading.default\">\n\t\t\t\t<div class=\"elementor-widget-container\">\n\t\t\t\t\t<h2 class=\"elementor-heading-title elementor-size-default\"><a href=\"https:\/\/www.federassantas.org.br\/novosite\/wp-content\/uploads\/2024\/07\/Core-Saude-News-17-1.pdf\">Edi\u00e7\u00e3o 17 - 31 de julho de 2024<\/a><\/h2>\t\t\t\t<\/div>\n\t\t\t\t<\/div>\n\t\t\t\t\t<\/div>\n\t\t<\/div>\n\t\t\t\t\t<\/div>\n\t\t<\/section>\n\t\t\t\t<\/div>\n\t\t","protected":false},"excerpt":{"rendered":"<p>O Core Sa\u00fade News \u00e9 um informativo criado pelo Core Sa\u00fade &#8211; Centro de Oportunidades e Relacionamento para Executivos de Sa\u00fade e destinado a todos os profissionais de sa\u00fade das institui\u00e7\u00f5es beneficentes. Divulgado quinzenalmente, o jornal compila informa\u00e7\u00f5es de hospitais filantr\u00f3picos, divulga eventos do setor e artigos de interesse p\u00fablico relacionados a sa\u00fade.\u00a0 Edi\u00e7\u00f5es: Edi\u00e7\u00e3o [&hellip;]<\/p>\n","protected":false},"author":1,"featured_media":24842,"parent":0,"menu_order":0,"comment_status":"closed","ping_status":"closed","template":"","meta":{"footnotes":""},"class_list":["post-34371","page","type-page","status-publish","has-post-thumbnail","hentry"],"yoast_head":"<!-- This site is optimized with the Yoast SEO plugin v26.9 - https:\/\/yoast.com\/product\/yoast-seo-wordpress\/ -->\n<title>CORE SA\u00daDE NEWS - Federassantas<\/title>\n<meta name=\"robots\" content=\"index, follow, max-snippet:-1, max-image-preview:large, max-video-preview:-1\" \/>\n<link rel=\"canonical\" href=\"https:\/\/www.federassantas.org.br\/novosite\/coresaudenews\/\" \/>\n<meta property=\"og:locale\" content=\"pt_BR\" \/>\n<meta property=\"og:type\" content=\"article\" \/>\n<meta property=\"og:title\" content=\"CORE SA\u00daDE NEWS - Federassantas\" \/>\n<meta property=\"og:description\" content=\"O Core Sa\u00fade News \u00e9 um informativo criado pelo Core Sa\u00fade &#8211; Centro de Oportunidades e Relacionamento para Executivos de Sa\u00fade e destinado a todos os profissionais de sa\u00fade das institui\u00e7\u00f5es beneficentes. Divulgado quinzenalmente, o jornal compila informa\u00e7\u00f5es de hospitais filantr\u00f3picos, divulga eventos do setor e artigos de interesse p\u00fablico relacionados a sa\u00fade.\u00a0 Edi\u00e7\u00f5es: Edi\u00e7\u00e3o [&hellip;]\" \/>\n<meta property=\"og:url\" content=\"https:\/\/www.federassantas.org.br\/novosite\/coresaudenews\/\" \/>\n<meta property=\"og:site_name\" content=\"Federassantas\" \/>\n<meta property=\"article:modified_time\" content=\"2024-08-07T13:03:52+00:00\" \/>\n<meta name=\"twitter:card\" content=\"summary_large_image\" \/>\n<meta name=\"twitter:label1\" content=\"Est. tempo de leitura\" \/>\n\t<meta name=\"twitter:data1\" content=\"2 minutos\" \/>\n<script type=\"application\/ld+json\" class=\"yoast-schema-graph\">{\"@context\":\"https:\/\/schema.org\",\"@graph\":[{\"@type\":\"WebPage\",\"@id\":\"https:\/\/www.federassantas.org.br\/novosite\/coresaudenews\/\",\"url\":\"https:\/\/www.federassantas.org.br\/novosite\/coresaudenews\/\",\"name\":\"CORE SA\u00daDE NEWS - Federassantas\",\"isPartOf\":{\"@id\":\"https:\/\/www.federassantas.org.br\/novosite\/#website\"},\"primaryImageOfPage\":{\"@id\":\"https:\/\/www.federassantas.org.br\/novosite\/coresaudenews\/#primaryimage\"},\"image\":{\"@id\":\"https:\/\/www.federassantas.org.br\/novosite\/coresaudenews\/#primaryimage\"},\"thumbnailUrl\":\"\",\"datePublished\":\"2024-08-06T20:56:15+00:00\",\"dateModified\":\"2024-08-07T13:03:52+00:00\",\"breadcrumb\":{\"@id\":\"https:\/\/www.federassantas.org.br\/novosite\/coresaudenews\/#breadcrumb\"},\"inLanguage\":\"pt-BR\",\"potentialAction\":[{\"@type\":\"ReadAction\",\"target\":[\"https:\/\/www.federassantas.org.br\/novosite\/coresaudenews\/\"]}]},{\"@type\":\"ImageObject\",\"inLanguage\":\"pt-BR\",\"@id\":\"https:\/\/www.federassantas.org.br\/novosite\/coresaudenews\/#primaryimage\",\"url\":\"\",\"contentUrl\":\"\"},{\"@type\":\"BreadcrumbList\",\"@id\":\"https:\/\/www.federassantas.org.br\/novosite\/coresaudenews\/#breadcrumb\",\"itemListElement\":[{\"@type\":\"ListItem\",\"position\":1,\"name\":\"In\u00edcio\",\"item\":\"https:\/\/www.federassantas.org.br\/novosite\/\"},{\"@type\":\"ListItem\",\"position\":2,\"name\":\"CORE SA\u00daDE NEWS\"}]},{\"@type\":\"WebSite\",\"@id\":\"https:\/\/www.federassantas.org.br\/novosite\/#website\",\"url\":\"https:\/\/www.federassantas.org.br\/novosite\/\",\"name\":\"Federassantas\",\"description\":\"Fed. das Santas Casas e Hospitais Filantr\u00f3picos de MG\",\"publisher\":{\"@id\":\"https:\/\/www.federassantas.org.br\/novosite\/#organization\"},\"potentialAction\":[{\"@type\":\"SearchAction\",\"target\":{\"@type\":\"EntryPoint\",\"urlTemplate\":\"https:\/\/www.federassantas.org.br\/novosite\/?s={search_term_string}\"},\"query-input\":{\"@type\":\"PropertyValueSpecification\",\"valueRequired\":true,\"valueName\":\"search_term_string\"}}],\"inLanguage\":\"pt-BR\"},{\"@type\":\"Organization\",\"@id\":\"https:\/\/www.federassantas.org.br\/novosite\/#organization\",\"name\":\"Federassantas\",\"url\":\"https:\/\/www.federassantas.org.br\/novosite\/\",\"logo\":{\"@type\":\"ImageObject\",\"inLanguage\":\"pt-BR\",\"@id\":\"https:\/\/www.federassantas.org.br\/novosite\/#\/schema\/logo\/image\/\",\"url\":\"https:\/\/www.federassantas.org.br\/novosite\/wp-content\/uploads\/2021\/12\/logo.png\",\"contentUrl\":\"https:\/\/www.federassantas.org.br\/novosite\/wp-content\/uploads\/2021\/12\/logo.png\",\"width\":243,\"height\":59,\"caption\":\"Federassantas\"},\"image\":{\"@id\":\"https:\/\/www.federassantas.org.br\/novosite\/#\/schema\/logo\/image\/\"}}]}<\/script>\n<!-- \/ Yoast SEO plugin. -->","yoast_head_json":{"title":"CORE SA\u00daDE NEWS - Federassantas","robots":{"index":"index","follow":"follow","max-snippet":"max-snippet:-1","max-image-preview":"max-image-preview:large","max-video-preview":"max-video-preview:-1"},"canonical":"https:\/\/www.federassantas.org.br\/novosite\/coresaudenews\/","og_locale":"pt_BR","og_type":"article","og_title":"CORE SA\u00daDE NEWS - Federassantas","og_description":"O Core Sa\u00fade News \u00e9 um informativo criado pelo Core Sa\u00fade &#8211; Centro de Oportunidades e Relacionamento para Executivos de Sa\u00fade e destinado a todos os profissionais de sa\u00fade das institui\u00e7\u00f5es beneficentes. Divulgado quinzenalmente, o jornal compila informa\u00e7\u00f5es de hospitais filantr\u00f3picos, divulga eventos do setor e artigos de interesse p\u00fablico relacionados a sa\u00fade.\u00a0 Edi\u00e7\u00f5es: Edi\u00e7\u00e3o [&hellip;]","og_url":"https:\/\/www.federassantas.org.br\/novosite\/coresaudenews\/","og_site_name":"Federassantas","article_modified_time":"2024-08-07T13:03:52+00:00","twitter_card":"summary_large_image","twitter_misc":{"Est. tempo de leitura":"2 minutos"},"schema":{"@context":"https:\/\/schema.org","@graph":[{"@type":"WebPage","@id":"https:\/\/www.federassantas.org.br\/novosite\/coresaudenews\/","url":"https:\/\/www.federassantas.org.br\/novosite\/coresaudenews\/","name":"CORE SA\u00daDE NEWS - Federassantas","isPartOf":{"@id":"https:\/\/www.federassantas.org.br\/novosite\/#website"},"primaryImageOfPage":{"@id":"https:\/\/www.federassantas.org.br\/novosite\/coresaudenews\/#primaryimage"},"image":{"@id":"https:\/\/www.federassantas.org.br\/novosite\/coresaudenews\/#primaryimage"},"thumbnailUrl":"","datePublished":"2024-08-06T20:56:15+00:00","dateModified":"2024-08-07T13:03:52+00:00","breadcrumb":{"@id":"https:\/\/www.federassantas.org.br\/novosite\/coresaudenews\/#breadcrumb"},"inLanguage":"pt-BR","potentialAction":[{"@type":"ReadAction","target":["https:\/\/www.federassantas.org.br\/novosite\/coresaudenews\/"]}]},{"@type":"ImageObject","inLanguage":"pt-BR","@id":"https:\/\/www.federassantas.org.br\/novosite\/coresaudenews\/#primaryimage","url":"","contentUrl":""},{"@type":"BreadcrumbList","@id":"https:\/\/www.federassantas.org.br\/novosite\/coresaudenews\/#breadcrumb","itemListElement":[{"@type":"ListItem","position":1,"name":"In\u00edcio","item":"https:\/\/www.federassantas.org.br\/novosite\/"},{"@type":"ListItem","position":2,"name":"CORE SA\u00daDE NEWS"}]},{"@type":"WebSite","@id":"https:\/\/www.federassantas.org.br\/novosite\/#website","url":"https:\/\/www.federassantas.org.br\/novosite\/","name":"Federassantas","description":"Fed. das Santas Casas e Hospitais Filantr\u00f3picos de MG","publisher":{"@id":"https:\/\/www.federassantas.org.br\/novosite\/#organization"},"potentialAction":[{"@type":"SearchAction","target":{"@type":"EntryPoint","urlTemplate":"https:\/\/www.federassantas.org.br\/novosite\/?s={search_term_string}"},"query-input":{"@type":"PropertyValueSpecification","valueRequired":true,"valueName":"search_term_string"}}],"inLanguage":"pt-BR"},{"@type":"Organization","@id":"https:\/\/www.federassantas.org.br\/novosite\/#organization","name":"Federassantas","url":"https:\/\/www.federassantas.org.br\/novosite\/","logo":{"@type":"ImageObject","inLanguage":"pt-BR","@id":"https:\/\/www.federassantas.org.br\/novosite\/#\/schema\/logo\/image\/","url":"https:\/\/www.federassantas.org.br\/novosite\/wp-content\/uploads\/2021\/12\/logo.png","contentUrl":"https:\/\/www.federassantas.org.br\/novosite\/wp-content\/uploads\/2021\/12\/logo.png","width":243,"height":59,"caption":"Federassantas"},"image":{"@id":"https:\/\/www.federassantas.org.br\/novosite\/#\/schema\/logo\/image\/"}}]}},"_links":{"self":[{"href":"https:\/\/www.federassantas.org.br\/novosite\/wp-json\/wp\/v2\/pages\/34371","targetHints":{"allow":["GET"]}}],"collection":[{"href":"https:\/\/www.federassantas.org.br\/novosite\/wp-json\/wp\/v2\/pages"}],"about":[{"href":"https:\/\/www.federassantas.org.br\/novosite\/wp-json\/wp\/v2\/types\/page"}],"author":[{"embeddable":true,"href":"https:\/\/www.federassantas.org.br\/novosite\/wp-json\/wp\/v2\/users\/1"}],"replies":[{"embeddable":true,"href":"https:\/\/www.federassantas.org.br\/novosite\/wp-json\/wp\/v2\/comments?post=34371"}],"version-history":[{"count":28,"href":"https:\/\/www.federassantas.org.br\/novosite\/wp-json\/wp\/v2\/pages\/34371\/revisions"}],"predecessor-version":[{"id":34412,"href":"https:\/\/www.federassantas.org.br\/novosite\/wp-json\/wp\/v2\/pages\/34371\/revisions\/34412"}],"wp:featuredmedia":[{"embeddable":true,"href":"https:\/\/www.federassantas.org.br\/novosite\/wp-json\/"}],"wp:attachment":[{"href":"https:\/\/www.federassantas.org.br\/novosite\/wp-json\/wp\/v2\/media?parent=34371"}],"curies":[{"name":"wp","href":"https:\/\/api.w.org\/{rel}","templated":true}]}}