{"id":39375,"date":"2026-03-12T16:24:48","date_gmt":"2026-03-12T19:24:48","guid":{"rendered":"https:\/\/www.federassantas.org.br\/novosite\/?page_id=39375"},"modified":"2026-03-12T16:32:35","modified_gmt":"2026-03-12T19:32:35","slug":"almeida-wolff","status":"publish","type":"page","link":"https:\/\/www.federassantas.org.br\/novosite\/almeida-wolff\/","title":{"rendered":"ALMEIDA WOLFF"},"content":{"rendered":"\t\t<div data-elementor-type=\"wp-page\" data-elementor-id=\"39375\" class=\"elementor elementor-39375\" data-elementor-post-type=\"page\">\n\t\t\t\t\t\t<section class=\"elementor-section elementor-top-section elementor-element elementor-element-3b963ab elementor-section-boxed elementor-section-height-default elementor-section-height-default\" data-id=\"3b963ab\" data-element_type=\"section\" data-e-type=\"section\">\n\t\t\t\t\t\t<div class=\"elementor-container elementor-column-gap-default\">\n\t\t\t\t\t<div class=\"elementor-column elementor-col-100 elementor-top-column elementor-element elementor-element-b15e331\" data-id=\"b15e331\" data-element_type=\"column\" data-e-type=\"column\">\n\t\t\t<div class=\"elementor-widget-wrap elementor-element-populated\">\n\t\t\t\t\t\t<div class=\"elementor-element elementor-element-7684afb elementor-widget elementor-widget-heading\" data-id=\"7684afb\" data-element_type=\"widget\" data-e-type=\"widget\" data-widget_type=\"heading.default\">\n\t\t\t\t<div class=\"elementor-widget-container\">\n\t\t\t\t\t<h2 class=\"elementor-heading-title elementor-size-default\"><br>Empresa Parceira<\/h2>\t\t\t\t<\/div>\n\t\t\t\t<\/div>\n\t\t\t\t\t<\/div>\n\t\t<\/div>\n\t\t\t\t\t<\/div>\n\t\t<\/section>\n\t\t\t\t<section class=\"elementor-section elementor-top-section elementor-element elementor-element-064a372 elementor-section-boxed elementor-section-height-default elementor-section-height-default\" data-id=\"064a372\" data-element_type=\"section\" data-e-type=\"section\">\n\t\t\t\t\t\t<div class=\"elementor-container elementor-column-gap-default\">\n\t\t\t\t\t<div class=\"elementor-column elementor-col-100 elementor-top-column elementor-element elementor-element-97765c8\" data-id=\"97765c8\" data-element_type=\"column\" data-e-type=\"column\" data-settings=\"{&quot;background_background&quot;:&quot;classic&quot;}\">\n\t\t\t<div class=\"elementor-widget-wrap elementor-element-populated\">\n\t\t\t\t\t<div class=\"elementor-background-overlay\"><\/div>\n\t\t\t\t\t\t<div class=\"elementor-element elementor-element-18cc8eb elementor-widget elementor-widget-heading\" data-id=\"18cc8eb\" data-element_type=\"widget\" data-e-type=\"widget\" data-widget_type=\"heading.default\">\n\t\t\t\t<div class=\"elementor-widget-container\">\n\t\t\t\t\t<h2 class=\"elementor-heading-title elementor-size-default\">ALMEIDA WOLFF \u00c9 EMPRESA PARCEIRA DA FEDERASSANTAS!<\/h2>\t\t\t\t<\/div>\n\t\t\t\t<\/div>\n\t\t\t\t<section class=\"elementor-section elementor-inner-section elementor-element elementor-element-d5b1ccb elementor-section-boxed elementor-section-height-default elementor-section-height-default\" data-id=\"d5b1ccb\" data-element_type=\"section\" data-e-type=\"section\">\n\t\t\t\t\t\t<div class=\"elementor-container elementor-column-gap-default\">\n\t\t\t\t\t<div class=\"elementor-column elementor-col-50 elementor-inner-column elementor-element elementor-element-8dd6c88\" data-id=\"8dd6c88\" data-element_type=\"column\" data-e-type=\"column\">\n\t\t\t<div class=\"elementor-widget-wrap elementor-element-populated\">\n\t\t\t\t\t\t<div class=\"elementor-element elementor-element-ddeccd0 elementor-widget elementor-widget-image\" data-id=\"ddeccd0\" data-element_type=\"widget\" data-e-type=\"widget\" data-widget_type=\"image.default\">\n\t\t\t\t<div class=\"elementor-widget-container\">\n\t\t\t\t\t\t\t\t\t\t\t\t\t\t\t<img fetchpriority=\"high\" decoding=\"async\" width=\"800\" height=\"730\" src=\"https:\/\/www.federassantas.org.br\/novosite\/wp-content\/uploads\/2026\/03\/almeida-1024x934.png\" class=\"attachment-large size-large wp-image-39376\" alt=\"\" srcset=\"https:\/\/www.federassantas.org.br\/novosite\/wp-content\/uploads\/2026\/03\/almeida-1024x934.png 1024w, https:\/\/www.federassantas.org.br\/novosite\/wp-content\/uploads\/2026\/03\/almeida-300x274.png 300w, https:\/\/www.federassantas.org.br\/novosite\/wp-content\/uploads\/2026\/03\/almeida-768x700.png 768w, https:\/\/www.federassantas.org.br\/novosite\/wp-content\/uploads\/2026\/03\/almeida-1536x1401.png 1536w, https:\/\/www.federassantas.org.br\/novosite\/wp-content\/uploads\/2026\/03\/almeida.png 1683w\" sizes=\"(max-width: 800px) 100vw, 800px\" \/>\t\t\t\t\t\t\t\t\t\t\t\t\t\t\t<\/div>\n\t\t\t\t<\/div>\n\t\t\t\t\t<\/div>\n\t\t<\/div>\n\t\t\t\t<div class=\"elementor-column elementor-col-50 elementor-inner-column elementor-element elementor-element-c01ed52\" data-id=\"c01ed52\" data-element_type=\"column\" data-e-type=\"column\">\n\t\t\t<div class=\"elementor-widget-wrap elementor-element-populated\">\n\t\t\t\t\t\t<div class=\"elementor-element elementor-element-a3e9a97 elementor-widget elementor-widget-text-editor\" data-id=\"a3e9a97\" data-element_type=\"widget\" data-e-type=\"widget\" data-widget_type=\"text-editor.default\">\n\t\t\t\t<div class=\"elementor-widget-container\">\n\t\t\t\t\t\t\t\t\t<p data-start=\"0\" data-end=\"282\">A <span class=\"hover:entity-accent entity-underline inline cursor-pointer align-baseline\"><span class=\"whitespace-normal\"><strong>Almeida Wolff<\/strong> Comercial Hospitalar Ltda<\/span><\/span> \u00e9 Empresa Parceira da Federassantas desde 2025 e atua no desenvolvimento e fornecimento de solu\u00e7\u00f5es voltadas ao ambiente hospitalar, contribuindo para a melhoria da efici\u00eancia operacional e da qualidade assistencial nas institui\u00e7\u00f5es de sa\u00fade.<\/p><p data-start=\"284\" data-end=\"782\">Com sede em Belo Horizonte\/MG, a empresa possui experi\u00eancia no mercado hospitalar, atuando principalmente no fornecimento de instrumentos, equipamentos e materiais m\u00e9dico-hospitalares, al\u00e9m de solu\u00e7\u00f5es e servi\u00e7os que apoiam a gest\u00e3o e a opera\u00e7\u00e3o das unidades de sa\u00fade.\u00a0<\/p><p data-aos=\"fade-up\">Contrate a Almeida Wolff: <a href=\"https:\/\/www.almeidawolff.com.br\/\">https:\/\/www.almeidawolff.com.br\/\u00a0<\/a><\/p>\t\t\t\t\t\t\t\t<\/div>\n\t\t\t\t<\/div>\n\t\t\t\t\t<\/div>\n\t\t<\/div>\n\t\t\t\t\t<\/div>\n\t\t<\/section>\n\t\t\t\t\t<\/div>\n\t\t<\/div>\n\t\t\t\t\t<\/div>\n\t\t<\/section>\n\t\t\t\t<section class=\"elementor-section elementor-top-section elementor-element elementor-element-d06414b elementor-section-boxed elementor-section-height-default elementor-section-height-default\" data-id=\"d06414b\" data-element_type=\"section\" data-e-type=\"section\">\n\t\t\t\t\t\t<div class=\"elementor-container elementor-column-gap-default\">\n\t\t\t\t\t<div class=\"elementor-column elementor-col-100 elementor-top-column elementor-element elementor-element-b13927e\" data-id=\"b13927e\" data-element_type=\"column\" data-e-type=\"column\">\n\t\t\t<div class=\"elementor-widget-wrap\">\n\t\t\t\t\t\t\t<\/div>\n\t\t<\/div>\n\t\t\t\t\t<\/div>\n\t\t<\/section>\n\t\t\t\t<\/div>\n\t\t","protected":false},"excerpt":{"rendered":"<p>Empresa Parceira ALMEIDA WOLFF \u00c9 EMPRESA PARCEIRA DA FEDERASSANTAS! A Almeida Wolff Comercial Hospitalar Ltda \u00e9 Empresa Parceira da Federassantas desde 2025 e atua no desenvolvimento e fornecimento de solu\u00e7\u00f5es voltadas ao ambiente hospitalar, contribuindo para a melhoria da efici\u00eancia operacional e da qualidade assistencial nas institui\u00e7\u00f5es de sa\u00fade. Com sede em Belo Horizonte\/MG, a [&hellip;]<\/p>\n","protected":false},"author":1,"featured_media":24842,"parent":0,"menu_order":0,"comment_status":"closed","ping_status":"closed","template":"","meta":{"footnotes":""},"class_list":["post-39375","page","type-page","status-publish","has-post-thumbnail","hentry"],"yoast_head":"<!-- This site is optimized with the Yoast SEO plugin v26.9 - https:\/\/yoast.com\/product\/yoast-seo-wordpress\/ -->\n<title>ALMEIDA WOLFF - Federassantas<\/title>\n<meta name=\"robots\" content=\"index, follow, max-snippet:-1, max-image-preview:large, max-video-preview:-1\" \/>\n<link rel=\"canonical\" href=\"https:\/\/www.federassantas.org.br\/novosite\/almeida-wolff\/\" \/>\n<meta property=\"og:locale\" content=\"pt_BR\" \/>\n<meta property=\"og:type\" content=\"article\" \/>\n<meta property=\"og:title\" content=\"ALMEIDA WOLFF - Federassantas\" \/>\n<meta property=\"og:description\" content=\"Empresa Parceira ALMEIDA WOLFF \u00c9 EMPRESA PARCEIRA DA FEDERASSANTAS! A Almeida Wolff Comercial Hospitalar Ltda \u00e9 Empresa Parceira da Federassantas desde 2025 e atua no desenvolvimento e fornecimento de solu\u00e7\u00f5es voltadas ao ambiente hospitalar, contribuindo para a melhoria da efici\u00eancia operacional e da qualidade assistencial nas institui\u00e7\u00f5es de sa\u00fade. Com sede em Belo Horizonte\/MG, a [&hellip;]\" \/>\n<meta property=\"og:url\" content=\"https:\/\/www.federassantas.org.br\/novosite\/almeida-wolff\/\" \/>\n<meta property=\"og:site_name\" content=\"Federassantas\" \/>\n<meta property=\"article:modified_time\" content=\"2026-03-12T19:32:35+00:00\" \/>\n<meta property=\"og:image\" content=\"https:\/\/www.federassantas.org.br\/novosite\/wp-content\/uploads\/2026\/03\/almeida-1024x934.png\" \/>\n<meta name=\"twitter:card\" content=\"summary_large_image\" \/>\n<meta name=\"twitter:label1\" content=\"Est. tempo de leitura\" \/>\n\t<meta name=\"twitter:data1\" content=\"1 minuto\" \/>\n<script type=\"application\/ld+json\" class=\"yoast-schema-graph\">{\"@context\":\"https:\/\/schema.org\",\"@graph\":[{\"@type\":\"WebPage\",\"@id\":\"https:\/\/www.federassantas.org.br\/novosite\/almeida-wolff\/\",\"url\":\"https:\/\/www.federassantas.org.br\/novosite\/almeida-wolff\/\",\"name\":\"ALMEIDA WOLFF - Federassantas\",\"isPartOf\":{\"@id\":\"https:\/\/www.federassantas.org.br\/novosite\/#website\"},\"primaryImageOfPage\":{\"@id\":\"https:\/\/www.federassantas.org.br\/novosite\/almeida-wolff\/#primaryimage\"},\"image\":{\"@id\":\"https:\/\/www.federassantas.org.br\/novosite\/almeida-wolff\/#primaryimage\"},\"thumbnailUrl\":\"\",\"datePublished\":\"2026-03-12T19:24:48+00:00\",\"dateModified\":\"2026-03-12T19:32:35+00:00\",\"breadcrumb\":{\"@id\":\"https:\/\/www.federassantas.org.br\/novosite\/almeida-wolff\/#breadcrumb\"},\"inLanguage\":\"pt-BR\",\"potentialAction\":[{\"@type\":\"ReadAction\",\"target\":[\"https:\/\/www.federassantas.org.br\/novosite\/almeida-wolff\/\"]}]},{\"@type\":\"ImageObject\",\"inLanguage\":\"pt-BR\",\"@id\":\"https:\/\/www.federassantas.org.br\/novosite\/almeida-wolff\/#primaryimage\",\"url\":\"\",\"contentUrl\":\"\"},{\"@type\":\"BreadcrumbList\",\"@id\":\"https:\/\/www.federassantas.org.br\/novosite\/almeida-wolff\/#breadcrumb\",\"itemListElement\":[{\"@type\":\"ListItem\",\"position\":1,\"name\":\"In\u00edcio\",\"item\":\"https:\/\/www.federassantas.org.br\/novosite\/\"},{\"@type\":\"ListItem\",\"position\":2,\"name\":\"ALMEIDA WOLFF\"}]},{\"@type\":\"WebSite\",\"@id\":\"https:\/\/www.federassantas.org.br\/novosite\/#website\",\"url\":\"https:\/\/www.federassantas.org.br\/novosite\/\",\"name\":\"Federassantas\",\"description\":\"Fed. das Santas Casas e Hospitais Filantr\u00f3picos de MG\",\"publisher\":{\"@id\":\"https:\/\/www.federassantas.org.br\/novosite\/#organization\"},\"potentialAction\":[{\"@type\":\"SearchAction\",\"target\":{\"@type\":\"EntryPoint\",\"urlTemplate\":\"https:\/\/www.federassantas.org.br\/novosite\/?s={search_term_string}\"},\"query-input\":{\"@type\":\"PropertyValueSpecification\",\"valueRequired\":true,\"valueName\":\"search_term_string\"}}],\"inLanguage\":\"pt-BR\"},{\"@type\":\"Organization\",\"@id\":\"https:\/\/www.federassantas.org.br\/novosite\/#organization\",\"name\":\"Federassantas\",\"url\":\"https:\/\/www.federassantas.org.br\/novosite\/\",\"logo\":{\"@type\":\"ImageObject\",\"inLanguage\":\"pt-BR\",\"@id\":\"https:\/\/www.federassantas.org.br\/novosite\/#\/schema\/logo\/image\/\",\"url\":\"https:\/\/www.federassantas.org.br\/novosite\/wp-content\/uploads\/2021\/12\/logo.png\",\"contentUrl\":\"https:\/\/www.federassantas.org.br\/novosite\/wp-content\/uploads\/2021\/12\/logo.png\",\"width\":243,\"height\":59,\"caption\":\"Federassantas\"},\"image\":{\"@id\":\"https:\/\/www.federassantas.org.br\/novosite\/#\/schema\/logo\/image\/\"}}]}<\/script>\n<!-- \/ Yoast SEO plugin. -->","yoast_head_json":{"title":"ALMEIDA WOLFF - Federassantas","robots":{"index":"index","follow":"follow","max-snippet":"max-snippet:-1","max-image-preview":"max-image-preview:large","max-video-preview":"max-video-preview:-1"},"canonical":"https:\/\/www.federassantas.org.br\/novosite\/almeida-wolff\/","og_locale":"pt_BR","og_type":"article","og_title":"ALMEIDA WOLFF - Federassantas","og_description":"Empresa Parceira ALMEIDA WOLFF \u00c9 EMPRESA PARCEIRA DA FEDERASSANTAS! A Almeida Wolff Comercial Hospitalar Ltda \u00e9 Empresa Parceira da Federassantas desde 2025 e atua no desenvolvimento e fornecimento de solu\u00e7\u00f5es voltadas ao ambiente hospitalar, contribuindo para a melhoria da efici\u00eancia operacional e da qualidade assistencial nas institui\u00e7\u00f5es de sa\u00fade. Com sede em Belo Horizonte\/MG, a [&hellip;]","og_url":"https:\/\/www.federassantas.org.br\/novosite\/almeida-wolff\/","og_site_name":"Federassantas","article_modified_time":"2026-03-12T19:32:35+00:00","og_image":[{"url":"https:\/\/www.federassantas.org.br\/novosite\/wp-content\/uploads\/2026\/03\/almeida-1024x934.png","type":"","width":"","height":""}],"twitter_card":"summary_large_image","twitter_misc":{"Est. tempo de leitura":"1 minuto"},"schema":{"@context":"https:\/\/schema.org","@graph":[{"@type":"WebPage","@id":"https:\/\/www.federassantas.org.br\/novosite\/almeida-wolff\/","url":"https:\/\/www.federassantas.org.br\/novosite\/almeida-wolff\/","name":"ALMEIDA WOLFF - Federassantas","isPartOf":{"@id":"https:\/\/www.federassantas.org.br\/novosite\/#website"},"primaryImageOfPage":{"@id":"https:\/\/www.federassantas.org.br\/novosite\/almeida-wolff\/#primaryimage"},"image":{"@id":"https:\/\/www.federassantas.org.br\/novosite\/almeida-wolff\/#primaryimage"},"thumbnailUrl":"","datePublished":"2026-03-12T19:24:48+00:00","dateModified":"2026-03-12T19:32:35+00:00","breadcrumb":{"@id":"https:\/\/www.federassantas.org.br\/novosite\/almeida-wolff\/#breadcrumb"},"inLanguage":"pt-BR","potentialAction":[{"@type":"ReadAction","target":["https:\/\/www.federassantas.org.br\/novosite\/almeida-wolff\/"]}]},{"@type":"ImageObject","inLanguage":"pt-BR","@id":"https:\/\/www.federassantas.org.br\/novosite\/almeida-wolff\/#primaryimage","url":"","contentUrl":""},{"@type":"BreadcrumbList","@id":"https:\/\/www.federassantas.org.br\/novosite\/almeida-wolff\/#breadcrumb","itemListElement":[{"@type":"ListItem","position":1,"name":"In\u00edcio","item":"https:\/\/www.federassantas.org.br\/novosite\/"},{"@type":"ListItem","position":2,"name":"ALMEIDA WOLFF"}]},{"@type":"WebSite","@id":"https:\/\/www.federassantas.org.br\/novosite\/#website","url":"https:\/\/www.federassantas.org.br\/novosite\/","name":"Federassantas","description":"Fed. das Santas Casas e Hospitais Filantr\u00f3picos de MG","publisher":{"@id":"https:\/\/www.federassantas.org.br\/novosite\/#organization"},"potentialAction":[{"@type":"SearchAction","target":{"@type":"EntryPoint","urlTemplate":"https:\/\/www.federassantas.org.br\/novosite\/?s={search_term_string}"},"query-input":{"@type":"PropertyValueSpecification","valueRequired":true,"valueName":"search_term_string"}}],"inLanguage":"pt-BR"},{"@type":"Organization","@id":"https:\/\/www.federassantas.org.br\/novosite\/#organization","name":"Federassantas","url":"https:\/\/www.federassantas.org.br\/novosite\/","logo":{"@type":"ImageObject","inLanguage":"pt-BR","@id":"https:\/\/www.federassantas.org.br\/novosite\/#\/schema\/logo\/image\/","url":"https:\/\/www.federassantas.org.br\/novosite\/wp-content\/uploads\/2021\/12\/logo.png","contentUrl":"https:\/\/www.federassantas.org.br\/novosite\/wp-content\/uploads\/2021\/12\/logo.png","width":243,"height":59,"caption":"Federassantas"},"image":{"@id":"https:\/\/www.federassantas.org.br\/novosite\/#\/schema\/logo\/image\/"}}]}},"_links":{"self":[{"href":"https:\/\/www.federassantas.org.br\/novosite\/wp-json\/wp\/v2\/pages\/39375","targetHints":{"allow":["GET"]}}],"collection":[{"href":"https:\/\/www.federassantas.org.br\/novosite\/wp-json\/wp\/v2\/pages"}],"about":[{"href":"https:\/\/www.federassantas.org.br\/novosite\/wp-json\/wp\/v2\/types\/page"}],"author":[{"embeddable":true,"href":"https:\/\/www.federassantas.org.br\/novosite\/wp-json\/wp\/v2\/users\/1"}],"replies":[{"embeddable":true,"href":"https:\/\/www.federassantas.org.br\/novosite\/wp-json\/wp\/v2\/comments?post=39375"}],"version-history":[{"count":7,"href":"https:\/\/www.federassantas.org.br\/novosite\/wp-json\/wp\/v2\/pages\/39375\/revisions"}],"predecessor-version":[{"id":39384,"href":"https:\/\/www.federassantas.org.br\/novosite\/wp-json\/wp\/v2\/pages\/39375\/revisions\/39384"}],"wp:featuredmedia":[{"embeddable":true,"href":"https:\/\/www.federassantas.org.br\/novosite\/wp-json\/"}],"wp:attachment":[{"href":"https:\/\/www.federassantas.org.br\/novosite\/wp-json\/wp\/v2\/media?parent=39375"}],"curies":[{"name":"wp","href":"https:\/\/api.w.org\/{rel}","templated":true}]}}