{"id":751,"date":"2022-01-19T17:25:21","date_gmt":"2022-01-19T20:25:21","guid":{"rendered":"http:\/\/federassantas.provisorio.ws\/?page_id=751"},"modified":"2022-02-18T10:42:22","modified_gmt":"2022-02-18T13:42:22","slug":"hospitais-filantropicos","status":"publish","type":"page","link":"https:\/\/www.federassantas.org.br\/novosite\/hospitais-filantropicos\/","title":{"rendered":"Hospitais filantr\u00f3picos"},"content":{"rendered":"\t\t<div data-elementor-type=\"wp-page\" data-elementor-id=\"751\" class=\"elementor elementor-751\" data-elementor-post-type=\"page\">\n\t\t\t\t\t\t<section class=\"elementor-section elementor-top-section elementor-element elementor-element-30502c51 elementor-section-height-min-height elementor-section-boxed elementor-section-height-default elementor-section-items-middle\" data-id=\"30502c51\" data-element_type=\"section\" data-e-type=\"section\" data-settings=\"{&quot;background_background&quot;:&quot;classic&quot;}\">\n\t\t\t\t\t\t\t<div class=\"elementor-background-overlay\"><\/div>\n\t\t\t\t\t\t\t<div class=\"elementor-container elementor-column-gap-default\">\n\t\t\t\t\t<div class=\"elementor-column elementor-col-100 elementor-top-column elementor-element elementor-element-45b1902c\" data-id=\"45b1902c\" data-element_type=\"column\" data-e-type=\"column\">\n\t\t\t<div class=\"elementor-widget-wrap elementor-element-populated\">\n\t\t\t\t\t\t<div class=\"elementor-element elementor-element-4b32a76 elementor-align-left elementor-mobile-align-center elementor-widget elementor-widget-breadcrumbs\" data-id=\"4b32a76\" data-element_type=\"widget\" data-e-type=\"widget\" data-widget_type=\"breadcrumbs.default\">\n\t\t\t\t<div class=\"elementor-widget-container\">\n\t\t\t\t\t<p id=\"breadcrumbs\"><span><span><a href=\"https:\/\/www.federassantas.org.br\/novosite\/\">In\u00edcio<\/a><\/span><\/span><\/p>\t\t\t\t<\/div>\n\t\t\t\t<\/div>\n\t\t\t\t\t<\/div>\n\t\t<\/div>\n\t\t\t\t\t<\/div>\n\t\t<\/section>\n\t\t\t\t<section class=\"elementor-section elementor-top-section elementor-element elementor-element-11bcd2a7 elementor-section-full_width elementor-section-height-default elementor-section-height-default\" data-id=\"11bcd2a7\" data-element_type=\"section\" data-e-type=\"section\">\n\t\t\t\t\t\t<div class=\"elementor-container elementor-column-gap-no\">\n\t\t\t\t\t<div class=\"elementor-column elementor-col-100 elementor-top-column elementor-element elementor-element-554890af\" data-id=\"554890af\" data-element_type=\"column\" data-e-type=\"column\">\n\t\t\t<div class=\"elementor-widget-wrap elementor-element-populated\">\n\t\t\t\t\t\t<div class=\"elementor-element elementor-element-5b8ceb6b elementor-widget elementor-widget-html\" data-id=\"5b8ceb6b\" data-element_type=\"widget\" data-e-type=\"widget\" data-widget_type=\"html.default\">\n\t\t\t\t<div class=\"elementor-widget-container\">\n\t\t\t\t\t<svg class=\"two\" fill=\"url(#grad1)\" xmlns=\"http:\/\/www.w3.org\/2000\/svg\" viewBox=\"0 0 1000 100\" preserveAspectRatio=\"none\">\r\n    \r\n    \r\n    \r\n    <defs>\r\n    <linearGradient id=\"grad1\" x1=\"0%\" y1=\"0%\" x2=\"100%\" y2=\"0%\">\r\n      <stop offset=\"0%\" style=\"stop-color:#4bc2ac;stop-opacity:1\" \/>\r\n      <stop offset=\"100%\" style=\"stop-color:#59aee0;stop-opacity:1\" \/>\r\n    <\/linearGradient>\r\n  <\/defs>\r\n    \r\n    \r\n\t<path  class=\"elementor-shape-fill\" d=\"M500,97C126.7,96.3,0.8,19.8,0,0v100l1000,0V1C1000,19.4,873.3,97.8,500,97z\"><\/path>\r\n<\/svg>\r\n\r\n\r\n<style>\r\n    svg.two {\r\n        width: 100%;\r\n        height: 49px;\r\n    }\r\n<\/style>\t\t\t\t<\/div>\n\t\t\t\t<\/div>\n\t\t\t\t\t<\/div>\n\t\t<\/div>\n\t\t\t\t\t<\/div>\n\t\t<\/section>\n\t\t\t\t<section class=\"elementor-section elementor-top-section elementor-element elementor-element-3988c1d2 elementor-section-full_width elementor-section-height-default elementor-section-height-default\" data-id=\"3988c1d2\" data-element_type=\"section\" data-e-type=\"section\" data-settings=\"{&quot;background_background&quot;:&quot;classic&quot;}\">\n\t\t\t\t\t\t<div class=\"elementor-container elementor-column-gap-no\">\n\t\t\t\t\t<div class=\"elementor-column elementor-col-100 elementor-top-column elementor-element elementor-element-19642e15\" data-id=\"19642e15\" data-element_type=\"column\" data-e-type=\"column\">\n\t\t\t<div class=\"elementor-widget-wrap elementor-element-populated\">\n\t\t\t\t\t\t<div class=\"elementor-element elementor-element-1acef734 elementor-widget elementor-widget-html\" data-id=\"1acef734\" data-element_type=\"widget\" data-e-type=\"widget\" data-widget_type=\"html.default\">\n\t\t\t\t<div class=\"elementor-widget-container\">\n\t\t\t\t\t<svg class=\"one\" fill=\"url(#grad1)\" xmlns=\"http:\/\/www.w3.org\/2000\/svg\" viewBox=\"0 0 1000 100\" preserveAspectRatio=\"none\">\r\n    \r\n    \r\n    <defs>\r\n    <linearGradient id=\"grad1\" x1=\"0%\" y1=\"0%\" x2=\"100%\" y2=\"0%\">\r\n      <stop offset=\"0%\" style=\"stop-color:#4bc2ac;stop-opacity:1\" \/>\r\n      <stop offset=\"100%\" style=\"stop-color:#59aee0;stop-opacity:1\" \/>\r\n    <\/linearGradient>\r\n  <\/defs>\r\n    \r\n    \r\n\t<path class=\"elementor-shape-fill\" d=\"M421.9,6.5c22.6-2.5,51.5,0.4,75.5,5.3c23.6,4.9,70.9,23.5,100.5,35.7c75.8,32.2,133.7,44.5,192.6,49.7\r\n\tc23.6,2.1,48.7,3.5,103.4-2.5c54.7-6,106.2-25.6,106.2-25.6V0H0v30.3c0,0,72,32.6,158.4,30.5c39.2-0.7,92.8-6.7,134-22.4\r\n\tc21.2-8.1,52.2-18.2,79.7-24.2C399.3,7.9,411.6,7.5,421.9,6.5z\"><\/path>\r\n<\/svg>\r\n\r\n\r\n\r\n\r\n<style>\r\nsvg.one {\r\nheight: 20px;\r\nwidth: 100%;\r\n}\r\n<\/style>\t\t\t\t<\/div>\n\t\t\t\t<\/div>\n\t\t\t\t\t<\/div>\n\t\t<\/div>\n\t\t\t\t\t<\/div>\n\t\t<\/section>\n\t\t\t\t<section class=\"elementor-section elementor-top-section elementor-element elementor-element-94624b9 elementor-section-height-min-height elementor-section-boxed elementor-section-height-default elementor-section-items-middle\" data-id=\"94624b9\" data-element_type=\"section\" data-e-type=\"section\">\n\t\t\t\t\t\t<div class=\"elementor-container elementor-column-gap-wide\">\n\t\t\t\t\t<div class=\"elementor-column elementor-col-100 elementor-top-column elementor-element elementor-element-ab4e8ef\" data-id=\"ab4e8ef\" data-element_type=\"column\" data-e-type=\"column\">\n\t\t\t<div class=\"elementor-widget-wrap elementor-element-populated\">\n\t\t\t\t\t\t<section class=\"elementor-section elementor-inner-section elementor-element elementor-element-f0f0660 elementor-section-boxed elementor-section-height-default elementor-section-height-default\" data-id=\"f0f0660\" data-element_type=\"section\" data-e-type=\"section\">\n\t\t\t\t\t\t<div class=\"elementor-container elementor-column-gap-default\">\n\t\t\t\t\t<div class=\"elementor-column elementor-col-100 elementor-inner-column elementor-element elementor-element-2680cce\" data-id=\"2680cce\" data-element_type=\"column\" data-e-type=\"column\">\n\t\t\t<div class=\"elementor-widget-wrap elementor-element-populated\">\n\t\t\t\t\t\t<div class=\"elementor-element elementor-element-2b0c4c7 elementor-widget elementor-widget-heading\" data-id=\"2b0c4c7\" data-element_type=\"widget\" data-e-type=\"widget\" data-widget_type=\"heading.default\">\n\t\t\t\t<div class=\"elementor-widget-container\">\n\t\t\t\t\t<h2 class=\"elementor-heading-title elementor-size-default\">Hospitais filantr\u00f3picos<\/h2>\t\t\t\t<\/div>\n\t\t\t\t<\/div>\n\t\t\t\t<div class=\"elementor-element elementor-element-116bb66 elementor-widget elementor-widget-heading\" data-id=\"116bb66\" data-element_type=\"widget\" data-e-type=\"widget\" data-widget_type=\"heading.default\">\n\t\t\t\t<div class=\"elementor-widget-container\">\n\t\t\t\t\t<h2 class=\"elementor-heading-title elementor-size-default\">A origem dos hospitais filantr\u00f3picos<\/h2>\t\t\t\t<\/div>\n\t\t\t\t<\/div>\n\t\t\t\t<div class=\"elementor-element elementor-element-b368364 elementor-widget elementor-widget-text-editor\" data-id=\"b368364\" data-element_type=\"widget\" data-e-type=\"widget\" data-widget_type=\"text-editor.default\">\n\t\t\t\t<div class=\"elementor-widget-container\">\n\t\t\t\t\t\t\t\t\tEm Minas Gerais existem hoje aproximadamente 300 hospitais filantr\u00f3picos, com grande import\u00e2ncia para a sa\u00fade da popula\u00e7\u00e3o, principalmente carente. S\u00e3o institui\u00e7\u00f5es criadas pela sociedade que se mant\u00eam sem fins lucrativos e possuem o seu custeio atrelado aos servi\u00e7os de sa\u00fade e assist\u00eancia social, predominantemente direcionados aos usu\u00e1rios do Sistema \u00danico de Sa\u00fade (SUS), ao qual dedicam em sua grande maioria mais de 60% de toda a capacidade instalada.\n\nA ess\u00eancia desse atendimento por meio da filantropia foi tra\u00e7ada h\u00e1 mais de 500 anos, em Lisboa, Portugal. A primeira casa de caridade foi criada em 15 de agosto de 1498, por iniciativa da rainha Leonor de Lencastre com dever,\t\t\t\t\t\t\t\t<\/div>\n\t\t\t\t<\/div>\n\t\t\t\t\t<\/div>\n\t\t<\/div>\n\t\t\t\t\t<\/div>\n\t\t<\/section>\n\t\t\t\t<section class=\"elementor-section elementor-inner-section elementor-element elementor-element-da8193e elementor-section-boxed elementor-section-height-default elementor-section-height-default\" data-id=\"da8193e\" data-element_type=\"section\" data-e-type=\"section\">\n\t\t\t\t\t\t<div class=\"elementor-container elementor-column-gap-default\">\n\t\t\t\t\t<div class=\"elementor-column elementor-col-100 elementor-inner-column elementor-element elementor-element-1c13201\" data-id=\"1c13201\" data-element_type=\"column\" data-e-type=\"column\">\n\t\t\t<div class=\"elementor-widget-wrap elementor-element-populated\">\n\t\t\t\t\t\t<div class=\"elementor-element elementor-element-7c52f52 elementor-widget elementor-widget-text-editor\" data-id=\"7c52f52\" data-element_type=\"widget\" data-e-type=\"widget\" data-widget_type=\"text-editor.default\">\n\t\t\t\t<div class=\"elementor-widget-container\">\n\t\t\t\t\t\t\t\t\t segundo os historiadores, de \u201ccurar enfermos, dar camas para eles, vestir ou alimentar os pobres, remir cativos, criar enjeitados, agasalhar caminhantes pobres, dar educa\u00e7\u00e3o aos \u00f3rf\u00e3os, esmolas aos necessitados, dotes \u00e0s donzelas sem recursos, amparo aos condenados e sepultura aos mortos\u201d. Chamada de Santa Casa de Miseric\u00f3rdia de Lisboa a institui\u00e7\u00e3o foi erguida como uma casa da comunidade, n\u00e3o sendo, portanto, subordinada \u00e0 igreja e ao governo.\n\nDepois surgiram outras institui\u00e7\u00f5es em Portugal e, at\u00e9 a morte da rainha Leonor, eram 61 casas espalhadas pelo pa\u00eds, sempre \u201cerguidas pela piedade particular\u201d, sob a prote\u00e7\u00e3o do rei e tendo como modelo a Casa-M\u00e3e de Lisboa. N\u00e3o demorou muito e as primeiras santas casas surgiram tamb\u00e9m no Brasil. A primeira delas, em 1540, em Santos, S\u00e3o Paulo, na regi\u00e3o do porto para a \u201cenfermaria e curativo\u201d. Com o tempo outras se espalharam pelo Brasil.\t\t\t\t\t\t\t\t<\/div>\n\t\t\t\t<\/div>\n\t\t\t\t<div class=\"elementor-element elementor-element-76c2dfa elementor-widget elementor-widget-heading\" data-id=\"76c2dfa\" data-element_type=\"widget\" data-e-type=\"widget\" data-widget_type=\"heading.default\">\n\t\t\t\t<div class=\"elementor-widget-container\">\n\t\t\t\t\t<h2 class=\"elementor-heading-title elementor-size-default\">Filantr\u00f3picos em Minas Gerais<\/h2>\t\t\t\t<\/div>\n\t\t\t\t<\/div>\n\t\t\t\t<div class=\"elementor-element elementor-element-d2e658b elementor-widget elementor-widget-text-editor\" data-id=\"d2e658b\" data-element_type=\"widget\" data-e-type=\"widget\" data-widget_type=\"text-editor.default\">\n\t\t\t\t<div class=\"elementor-widget-container\">\n\t\t\t\t\t\t\t\t\t<p>Minas Gerais ganhou sua primeira casa de miseric\u00f3rdia em 1734, na cidade de Ouro Preto. H\u00e1 registro, segundo historiadores, que a Real Casa de Miseric\u00f3rdia de Vila Rica foi erguida como hospital com a doa\u00e7\u00e3o de terras e lavras feita pelo portugu\u00eas Henrique Lopes de Ara\u00fajo, capit\u00e3o-mor do distrito de Ant\u00f4nio Dias. A cidade de Sabar\u00e1 tamb\u00e9m ganhou um hospital filantr\u00f3pico anos depois, que sobreviveu por d\u00e9cadas gra\u00e7as aos donativos dos moradores. E a capital s\u00f3 foi ter sua santa casa em 21 de maio de 1899, com a doa\u00e7\u00e3o de um terreno feito pela prefeitura para o funcionamento do hospital.<\/p><p>De acordo com estudiosos, h\u00e1 uma distin\u00e7\u00e3o que marca duas fases para a implanta\u00e7\u00e3o das casas de miseric\u00f3rdia no Brasil. A primeira fase iniciou-se em meados do s\u00e9culo XVIII, com natureza caritativa, ou seja, dar aos necessitados o que precisavam para sobreviv\u00eancia. Na segunda fase, esse pensamento mudou. Por volta de 1838, nasce o conceito de filantropia, que tem como objetivo dar mais conselhos do que bens materiais aos necessitados. Ou seja, mais do que acolher os que precisavam, era necess\u00e1rio orient\u00e1-los a fim de que eles pudessem se recuperar e assim serem \u00fateis \u00e0 sociedade.<\/p>\t\t\t\t\t\t\t\t<\/div>\n\t\t\t\t<\/div>\n\t\t\t\t<div class=\"elementor-element elementor-element-da4f8b1 elementor-widget elementor-widget-heading\" data-id=\"da4f8b1\" data-element_type=\"widget\" data-e-type=\"widget\" data-widget_type=\"heading.default\">\n\t\t\t\t<div class=\"elementor-widget-container\">\n\t\t\t\t\t<h2 class=\"elementor-heading-title elementor-size-default\">Hospitais Filantr\u00f3picos e SUS<\/h2>\t\t\t\t<\/div>\n\t\t\t\t<\/div>\n\t\t\t\t<div class=\"elementor-element elementor-element-a78c935 elementor-widget elementor-widget-text-editor\" data-id=\"a78c935\" data-element_type=\"widget\" data-e-type=\"widget\" data-widget_type=\"text-editor.default\">\n\t\t\t\t<div class=\"elementor-widget-container\">\n\t\t\t\t\t\t\t\t\t<p>No regime do presidente Get\u00falio Vargas, meados da d\u00e9cada de 1930, o pa\u00eds passou, segundo historiadores, por mudan\u00e7as nas rela\u00e7\u00f5es trabalhistas com a cria\u00e7\u00e3o de regulamenta\u00e7\u00f5es e do sistema de previd\u00eancia social. E isso trouxe diversas mudan\u00e7as para o setor filantr\u00f3pico, que manteve o atendimento \u00e0 popula\u00e7\u00e3o por meio de contratos e conv\u00eanios com o governo, al\u00e9m das doa\u00e7\u00f5es feitas pela popula\u00e7\u00e3o. Durante o regime militar no Brasil, o Instituto Nacional de Assist\u00eancia M\u00e9dica da Previd\u00eancia Social (INAMPS) assegurava atendimento m\u00e9dico para os trabalhadores com carteira assinada que contribu\u00edam com a previd\u00eancia social. Como o INAMPS n\u00e3o tinha estrutura para atender todos os contribuintes, os hospitais filantr\u00f3picos, por sua natureza, como iniciativa privada sem fins lucrativos, passaram a ocupar as lacunas do sistema p\u00fablico de sa\u00fade. Mas, segundo aponta levantamento hist\u00f3rico feito pela Confedera\u00e7\u00e3o<\/p><p>das Santas Casas de Miseric\u00f3rdia, Hospitais e Entidades Filantr\u00f3picas \u2013 CMB, a popula\u00e7\u00e3o passou a entender que os hospitais filantr\u00f3picos eram p\u00fablicos e o n\u00famero de doa\u00e7\u00f5es das comunidades caiu drasticamente.<\/p><p>O INAMPS foi extinto em 1993, pela Lei n\u00ba 8.689, e suas compet\u00eancias transferidas \u00e0s inst\u00e2ncias federal, estaduais e municipais gestoras do Sistema \u00danico de Sa\u00fade (SUS), criado pela Constitui\u00e7\u00e3o de 1988. No entanto, atualmente, respons\u00e1veis por quase metade das cirurgias e interna\u00e7\u00f5es feitas pelo Sistema \u00danico de Sa\u00fade (SUS), os hospitais filantr\u00f3picos viram nos \u00faltimos anos as d\u00edvidas crescerem. A tabela de remunera\u00e7\u00e3o por procedimentos realizados, que est\u00e1 sem reajuste linear h\u00e1 mais de doze anos, e a cria\u00e7\u00e3o de linhas de cr\u00e9ditos especiais elaboradas pelo governo federal, j\u00e1 n\u00e3o s\u00e3o mais suficientes para manter o pleno funcionamento dessas institui\u00e7\u00f5es. Al\u00e9m do subfinanciamento do SUS, os hospitais t\u00eam d\u00edvidas altas. Muitos recorrem aos bancos e pegam empr\u00e9stimos para pagar os sal\u00e1rios atrasados dos funcion\u00e1rios e fornecedores. Mas acabam n\u00e3o conseguindo pagar por esses empr\u00e9stimos. Hoje, o grande desafio dos hospitais filantr\u00f3picos \u00e9 manter o pleno funcionamento, oferecendo servi\u00e7os, inclusive, da alta e m\u00e9dia complexidade mesmo com o financiamento insuficiente das esferas federal, estadual e municipal.<\/p>\t\t\t\t\t\t\t\t<\/div>\n\t\t\t\t<\/div>\n\t\t\t\t\t<\/div>\n\t\t<\/div>\n\t\t\t\t\t<\/div>\n\t\t<\/section>\n\t\t\t\t\t<\/div>\n\t\t<\/div>\n\t\t\t\t\t<\/div>\n\t\t<\/section>\n\t\t\t\t<\/div>\n\t\t","protected":false},"excerpt":{"rendered":"<p>Hospitais filantr\u00f3picos A origem dos hospitais filantr\u00f3picos Em Minas Gerais existem hoje aproximadamente 300 hospitais filantr\u00f3picos, com grande import\u00e2ncia para a sa\u00fade da popula\u00e7\u00e3o, principalmente carente. S\u00e3o institui\u00e7\u00f5es criadas pela sociedade que se mant\u00eam sem fins lucrativos e possuem o seu custeio atrelado aos servi\u00e7os de sa\u00fade e assist\u00eancia social, predominantemente direcionados aos usu\u00e1rios do [&hellip;]<\/p>\n","protected":false},"author":1,"featured_media":24842,"parent":0,"menu_order":0,"comment_status":"closed","ping_status":"closed","template":"","meta":{"footnotes":""},"class_list":["post-751","page","type-page","status-publish","has-post-thumbnail","hentry"],"yoast_head":"<!-- This site is optimized with the Yoast SEO plugin v26.9 - https:\/\/yoast.com\/product\/yoast-seo-wordpress\/ -->\n<title>Hospitais filantr\u00f3picos - Federassantas<\/title>\n<meta name=\"robots\" content=\"index, follow, max-snippet:-1, max-image-preview:large, max-video-preview:-1\" \/>\n<link rel=\"canonical\" href=\"https:\/\/www.federassantas.org.br\/novosite\/hospitais-filantropicos\/\" \/>\n<meta property=\"og:locale\" content=\"pt_BR\" \/>\n<meta property=\"og:type\" content=\"article\" \/>\n<meta property=\"og:title\" content=\"Hospitais filantr\u00f3picos - Federassantas\" \/>\n<meta property=\"og:description\" content=\"Hospitais filantr\u00f3picos A origem dos hospitais filantr\u00f3picos Em Minas Gerais existem hoje aproximadamente 300 hospitais filantr\u00f3picos, com grande import\u00e2ncia para a sa\u00fade da popula\u00e7\u00e3o, principalmente carente. S\u00e3o institui\u00e7\u00f5es criadas pela sociedade que se mant\u00eam sem fins lucrativos e possuem o seu custeio atrelado aos servi\u00e7os de sa\u00fade e assist\u00eancia social, predominantemente direcionados aos usu\u00e1rios do [&hellip;]\" \/>\n<meta property=\"og:url\" content=\"https:\/\/www.federassantas.org.br\/novosite\/hospitais-filantropicos\/\" \/>\n<meta property=\"og:site_name\" content=\"Federassantas\" \/>\n<meta property=\"article:modified_time\" content=\"2022-02-18T13:42:22+00:00\" \/>\n<meta property=\"og:image\" content=\"https:\/\/www.federassantas.org.br\/novosite\/wp-content\/uploads\/2022\/09\/thumbnail-default.jpg\" \/>\n\t<meta property=\"og:image:width\" content=\"622\" \/>\n\t<meta property=\"og:image:height\" content=\"415\" \/>\n\t<meta property=\"og:image:type\" content=\"image\/jpeg\" \/>\n<meta name=\"twitter:card\" content=\"summary_large_image\" \/>\n<meta name=\"twitter:label1\" content=\"Est. tempo de leitura\" \/>\n\t<meta name=\"twitter:data1\" content=\"5 minutos\" \/>\n<script type=\"application\/ld+json\" class=\"yoast-schema-graph\">{\"@context\":\"https:\/\/schema.org\",\"@graph\":[{\"@type\":\"WebPage\",\"@id\":\"https:\/\/www.federassantas.org.br\/novosite\/hospitais-filantropicos\/\",\"url\":\"https:\/\/www.federassantas.org.br\/novosite\/hospitais-filantropicos\/\",\"name\":\"Hospitais filantr\u00f3picos - Federassantas\",\"isPartOf\":{\"@id\":\"https:\/\/www.federassantas.org.br\/novosite\/#website\"},\"primaryImageOfPage\":{\"@id\":\"https:\/\/www.federassantas.org.br\/novosite\/hospitais-filantropicos\/#primaryimage\"},\"image\":{\"@id\":\"https:\/\/www.federassantas.org.br\/novosite\/hospitais-filantropicos\/#primaryimage\"},\"thumbnailUrl\":\"\",\"datePublished\":\"2022-01-19T20:25:21+00:00\",\"dateModified\":\"2022-02-18T13:42:22+00:00\",\"breadcrumb\":{\"@id\":\"https:\/\/www.federassantas.org.br\/novosite\/hospitais-filantropicos\/#breadcrumb\"},\"inLanguage\":\"pt-BR\",\"potentialAction\":[{\"@type\":\"ReadAction\",\"target\":[\"https:\/\/www.federassantas.org.br\/novosite\/hospitais-filantropicos\/\"]}]},{\"@type\":\"ImageObject\",\"inLanguage\":\"pt-BR\",\"@id\":\"https:\/\/www.federassantas.org.br\/novosite\/hospitais-filantropicos\/#primaryimage\",\"url\":\"\",\"contentUrl\":\"\"},{\"@type\":\"BreadcrumbList\",\"@id\":\"https:\/\/www.federassantas.org.br\/novosite\/hospitais-filantropicos\/#breadcrumb\",\"itemListElement\":[{\"@type\":\"ListItem\",\"position\":1,\"name\":\"In\u00edcio\",\"item\":\"https:\/\/www.federassantas.org.br\/novosite\/\"},{\"@type\":\"ListItem\",\"position\":2,\"name\":\"Hospitais filantr\u00f3picos\"}]},{\"@type\":\"WebSite\",\"@id\":\"https:\/\/www.federassantas.org.br\/novosite\/#website\",\"url\":\"https:\/\/www.federassantas.org.br\/novosite\/\",\"name\":\"Federassantas\",\"description\":\"Fed. das Santas Casas e Hospitais Filantr\u00f3picos de MG\",\"publisher\":{\"@id\":\"https:\/\/www.federassantas.org.br\/novosite\/#organization\"},\"potentialAction\":[{\"@type\":\"SearchAction\",\"target\":{\"@type\":\"EntryPoint\",\"urlTemplate\":\"https:\/\/www.federassantas.org.br\/novosite\/?s={search_term_string}\"},\"query-input\":{\"@type\":\"PropertyValueSpecification\",\"valueRequired\":true,\"valueName\":\"search_term_string\"}}],\"inLanguage\":\"pt-BR\"},{\"@type\":\"Organization\",\"@id\":\"https:\/\/www.federassantas.org.br\/novosite\/#organization\",\"name\":\"Federassantas\",\"url\":\"https:\/\/www.federassantas.org.br\/novosite\/\",\"logo\":{\"@type\":\"ImageObject\",\"inLanguage\":\"pt-BR\",\"@id\":\"https:\/\/www.federassantas.org.br\/novosite\/#\/schema\/logo\/image\/\",\"url\":\"https:\/\/www.federassantas.org.br\/novosite\/wp-content\/uploads\/2021\/12\/logo.png\",\"contentUrl\":\"https:\/\/www.federassantas.org.br\/novosite\/wp-content\/uploads\/2021\/12\/logo.png\",\"width\":243,\"height\":59,\"caption\":\"Federassantas\"},\"image\":{\"@id\":\"https:\/\/www.federassantas.org.br\/novosite\/#\/schema\/logo\/image\/\"}}]}<\/script>\n<!-- \/ Yoast SEO plugin. -->","yoast_head_json":{"title":"Hospitais filantr\u00f3picos - Federassantas","robots":{"index":"index","follow":"follow","max-snippet":"max-snippet:-1","max-image-preview":"max-image-preview:large","max-video-preview":"max-video-preview:-1"},"canonical":"https:\/\/www.federassantas.org.br\/novosite\/hospitais-filantropicos\/","og_locale":"pt_BR","og_type":"article","og_title":"Hospitais filantr\u00f3picos - Federassantas","og_description":"Hospitais filantr\u00f3picos A origem dos hospitais filantr\u00f3picos Em Minas Gerais existem hoje aproximadamente 300 hospitais filantr\u00f3picos, com grande import\u00e2ncia para a sa\u00fade da popula\u00e7\u00e3o, principalmente carente. S\u00e3o institui\u00e7\u00f5es criadas pela sociedade que se mant\u00eam sem fins lucrativos e possuem o seu custeio atrelado aos servi\u00e7os de sa\u00fade e assist\u00eancia social, predominantemente direcionados aos usu\u00e1rios do [&hellip;]","og_url":"https:\/\/www.federassantas.org.br\/novosite\/hospitais-filantropicos\/","og_site_name":"Federassantas","article_modified_time":"2022-02-18T13:42:22+00:00","og_image":[{"width":622,"height":415,"url":"https:\/\/www.federassantas.org.br\/novosite\/wp-content\/uploads\/2022\/09\/thumbnail-default.jpg","type":"image\/jpeg"}],"twitter_card":"summary_large_image","twitter_misc":{"Est. tempo de leitura":"5 minutos"},"schema":{"@context":"https:\/\/schema.org","@graph":[{"@type":"WebPage","@id":"https:\/\/www.federassantas.org.br\/novosite\/hospitais-filantropicos\/","url":"https:\/\/www.federassantas.org.br\/novosite\/hospitais-filantropicos\/","name":"Hospitais filantr\u00f3picos - Federassantas","isPartOf":{"@id":"https:\/\/www.federassantas.org.br\/novosite\/#website"},"primaryImageOfPage":{"@id":"https:\/\/www.federassantas.org.br\/novosite\/hospitais-filantropicos\/#primaryimage"},"image":{"@id":"https:\/\/www.federassantas.org.br\/novosite\/hospitais-filantropicos\/#primaryimage"},"thumbnailUrl":"","datePublished":"2022-01-19T20:25:21+00:00","dateModified":"2022-02-18T13:42:22+00:00","breadcrumb":{"@id":"https:\/\/www.federassantas.org.br\/novosite\/hospitais-filantropicos\/#breadcrumb"},"inLanguage":"pt-BR","potentialAction":[{"@type":"ReadAction","target":["https:\/\/www.federassantas.org.br\/novosite\/hospitais-filantropicos\/"]}]},{"@type":"ImageObject","inLanguage":"pt-BR","@id":"https:\/\/www.federassantas.org.br\/novosite\/hospitais-filantropicos\/#primaryimage","url":"","contentUrl":""},{"@type":"BreadcrumbList","@id":"https:\/\/www.federassantas.org.br\/novosite\/hospitais-filantropicos\/#breadcrumb","itemListElement":[{"@type":"ListItem","position":1,"name":"In\u00edcio","item":"https:\/\/www.federassantas.org.br\/novosite\/"},{"@type":"ListItem","position":2,"name":"Hospitais filantr\u00f3picos"}]},{"@type":"WebSite","@id":"https:\/\/www.federassantas.org.br\/novosite\/#website","url":"https:\/\/www.federassantas.org.br\/novosite\/","name":"Federassantas","description":"Fed. das Santas Casas e Hospitais Filantr\u00f3picos de MG","publisher":{"@id":"https:\/\/www.federassantas.org.br\/novosite\/#organization"},"potentialAction":[{"@type":"SearchAction","target":{"@type":"EntryPoint","urlTemplate":"https:\/\/www.federassantas.org.br\/novosite\/?s={search_term_string}"},"query-input":{"@type":"PropertyValueSpecification","valueRequired":true,"valueName":"search_term_string"}}],"inLanguage":"pt-BR"},{"@type":"Organization","@id":"https:\/\/www.federassantas.org.br\/novosite\/#organization","name":"Federassantas","url":"https:\/\/www.federassantas.org.br\/novosite\/","logo":{"@type":"ImageObject","inLanguage":"pt-BR","@id":"https:\/\/www.federassantas.org.br\/novosite\/#\/schema\/logo\/image\/","url":"https:\/\/www.federassantas.org.br\/novosite\/wp-content\/uploads\/2021\/12\/logo.png","contentUrl":"https:\/\/www.federassantas.org.br\/novosite\/wp-content\/uploads\/2021\/12\/logo.png","width":243,"height":59,"caption":"Federassantas"},"image":{"@id":"https:\/\/www.federassantas.org.br\/novosite\/#\/schema\/logo\/image\/"}}]}},"_links":{"self":[{"href":"https:\/\/www.federassantas.org.br\/novosite\/wp-json\/wp\/v2\/pages\/751","targetHints":{"allow":["GET"]}}],"collection":[{"href":"https:\/\/www.federassantas.org.br\/novosite\/wp-json\/wp\/v2\/pages"}],"about":[{"href":"https:\/\/www.federassantas.org.br\/novosite\/wp-json\/wp\/v2\/types\/page"}],"author":[{"embeddable":true,"href":"https:\/\/www.federassantas.org.br\/novosite\/wp-json\/wp\/v2\/users\/1"}],"replies":[{"embeddable":true,"href":"https:\/\/www.federassantas.org.br\/novosite\/wp-json\/wp\/v2\/comments?post=751"}],"version-history":[{"count":307,"href":"https:\/\/www.federassantas.org.br\/novosite\/wp-json\/wp\/v2\/pages\/751\/revisions"}],"predecessor-version":[{"id":21399,"href":"https:\/\/www.federassantas.org.br\/novosite\/wp-json\/wp\/v2\/pages\/751\/revisions\/21399"}],"wp:featuredmedia":[{"embeddable":true,"href":"https:\/\/www.federassantas.org.br\/novosite\/wp-json\/"}],"wp:attachment":[{"href":"https:\/\/www.federassantas.org.br\/novosite\/wp-json\/wp\/v2\/media?parent=751"}],"curies":[{"name":"wp","href":"https:\/\/api.w.org\/{rel}","templated":true}]}}